{"id":3702,"date":"2025-01-20T09:27:05","date_gmt":"2025-01-20T07:27:05","guid":{"rendered":"https:\/\/teachblue.eu\/courses\/"},"modified":"2025-11-14T15:23:39","modified_gmt":"2025-11-14T13:23:39","slug":"courses","status":"publish","type":"page","link":"https:\/\/teachblue.eu\/pt-pt\/courses\/","title":{"rendered":"eLearning"},"content":{"rendered":"\t\t<div data-elementor-type=\"wp-page\" data-elementor-id=\"3702\" class=\"elementor elementor-3702 elementor-3324\" data-elementor-post-type=\"page\">\n\t\t\t\t<div class=\"elementor-element elementor-element-7363997 e-flex e-con-boxed e-con e-child\" data-id=\"7363997\" data-element_type=\"container\" data-e-type=\"container\" data-settings=\"{&quot;background_background&quot;:&quot;video&quot;,&quot;background_video_link&quot;:&quot;https:\\\/\\\/youtu.be\\\/aXlkza_yKTE&quot;,&quot;background_play_on_mobile&quot;:&quot;yes&quot;}\">\n\t\t\t\t\t<div class=\"e-con-inner\">\n\t\t<div class=\"elementor-background-video-container\">\n\t\t\t\t\t\t\t<div class=\"elementor-background-video-embed\" role=\"presentation\"><\/div>\n\t\t\t\t\t\t<\/div>\t\t<div class=\"elementor-element elementor-element-a50cdae elementor-widget-mobile__width-inherit elementor-position-inline-start elementor-mobile-position-inline-start elementor-view-default elementor-widget elementor-widget-icon-box\" data-id=\"a50cdae\" data-element_type=\"widget\" data-e-type=\"widget\" data-widget_type=\"icon-box.default\">\n\t\t\t\t\t\t\t<div class=\"elementor-icon-box-wrapper\">\n\n\t\t\t\t\t\t<div class=\"elementor-icon-box-icon\">\n\t\t\t\t<span  class=\"elementor-icon\">\n\t\t\t\t<svg xmlns=\"http:\/\/www.w3.org\/2000\/svg\" xmlns:xlink=\"http:\/\/www.w3.org\/1999\/xlink\" id=\"Capa_1\" x=\"0px\" y=\"0px\" viewBox=\"0 0 512 512\" style=\"enable-background:new 0 0 512 512;\" xml:space=\"preserve\"><path style=\"fill:#FBBF00;\" d=\"M291.484,113.248c-11.393-32.253-46.776-49.164-79.029-37.771l-61.683,21.789l25.245,71.466 l119.719-43.45L291.484,113.248z\"><\/path><g>\t<path style=\"fill:#FFA900;\" d=\"M176.017,343.267l-25.245,71.466l61.683,21.789c32.253,11.393,67.636-5.517,79.029-37.77  l4.251-12.035L176.017,343.267z\"><\/path>\t<path style=\"fill:#FFA900;\" d=\"M328.793,119.756c-99.049,0-217.351,78.811-249.175,119.559v33.368  c31.823,40.749,150.125,119.559,249.175,119.559C444.378,392.243,512,256,512,256S444.378,119.756,328.793,119.756z\"><\/path><\/g><path style=\"fill:#FF8800;\" d=\"M79.618,256v16.684c31.823,40.749,150.125,119.559,249.175,119.559C444.378,392.243,512,256,512,256 H79.618z\"><\/path><path style=\"fill:#FBBF00;\" d=\"M512,256c0,0-47.006-94.673-129.609-126.174c-25.911,34.944-41.323,78.691-41.323,126.173 s15.411,91.229,41.323,126.174C464.994,350.673,512,256,512,256z\"><\/path><path style=\"fill:#FFA900;\" d=\"M512,256H341.068c0,47.482,15.411,91.229,41.323,126.174C464.994,350.673,512,256,512,256z\"><\/path><circle style=\"fill:#333333;\" cx=\"416.24\" cy=\"221.63\" r=\"15\"><\/circle><path style=\"fill:#FF8800;\" d=\"M33.53,256h-7.088C11.838,256,0,244.162,0,229.558v-62.027h7.994 c41.131,0,74.474,33.343,74.474,74.474v27.989c0,41.131-33.343,74.474-74.474,74.474H0v-62.027C0,267.838,11.838,256,26.442,256\"><\/path><path style=\"fill:#E47700;\" d=\"M33.53,256h-7.088c-14.603,0,56.027,0,56.027,0v13.995c0,41.131-33.343,74.474-74.474,74.474H0 v-62.027C0,267.838,11.838,256,26.442,256\"><\/path><g><\/g><g><\/g><g><\/g><g><\/g><g><\/g><g><\/g><g><\/g><g><\/g><g><\/g><g><\/g><g><\/g><g><\/g><g><\/g><g><\/g><g><\/g><\/svg>\t\t\t\t<\/span>\n\t\t\t<\/div>\n\t\t\t\n\t\t\t\t\t\t<div class=\"elementor-icon-box-content\">\n\n\t\t\t\t\t\t\t\t\t<h1 class=\"elementor-icon-box-title\">\n\t\t\t\t\t\t<span  >\n\t\t\t\t\t\t\tForma\u00e7\u00e3o\t\t\t\t\t\t<\/span>\n\t\t\t\t\t<\/h1>\n\t\t\t\t\n\t\t\t\t\n\t\t\t<\/div>\n\t\t\t\n\t\t<\/div>\n\t\t\t\t\t\t<\/div>\n\t\t\t\t<div class=\"elementor-element elementor-element-768d261 elementor-widget elementor-widget-ms_lms_courses\" data-id=\"768d261\" data-element_type=\"widget\" data-e-type=\"widget\" data-settings=\"{&quot;course_card_presets&quot;:&quot;card-style-2&quot;,&quot;cards_to_show&quot;:&quot;1&quot;,&quot;cards_to_show_featured&quot;:&quot;1&quot;,&quot;card_slot_4&quot;:&quot;duration&quot;,&quot;popup_slot_3&quot;:&quot;views&quot;,&quot;sort_by&quot;:&quot;date_low&quot;,&quot;type&quot;:&quot;courses-archive&quot;,&quot;slides_to_scroll&quot;:&quot;25%&quot;,&quot;slides_to_scroll_tablet&quot;:&quot;33.333333%&quot;,&quot;slides_to_scroll_mobile&quot;:&quot;100%&quot;,&quot;loop&quot;:&quot;true&quot;,&quot;cards_to_show_choice&quot;:&quot;number&quot;,&quot;cards_to_show_choice_featured&quot;:&quot;number&quot;,&quot;show_category&quot;:&quot;yes&quot;,&quot;show_progress&quot;:&quot;yes&quot;,&quot;show_divider&quot;:&quot;yes&quot;,&quot;show_slots&quot;:&quot;yes&quot;,&quot;card_slot_1&quot;:&quot;current-students&quot;,&quot;card_slot_2&quot;:&quot;views&quot;,&quot;card_slot_3&quot;:&quot;lectures&quot;,&quot;featured_position&quot;:&quot;left&quot;,&quot;status_presets&quot;:&quot;status_style_1&quot;,&quot;status_position&quot;:&quot;right&quot;,&quot;show_popup&quot;:&quot;yes&quot;,&quot;popup_show_author_name&quot;:&quot;yes&quot;,&quot;popup_show_author_image&quot;:&quot;yes&quot;,&quot;popup_show_excerpt&quot;:&quot;yes&quot;,&quot;popup_show_slots&quot;:&quot;yes&quot;,&quot;popup_slot_1&quot;:&quot;level&quot;,&quot;popup_slot_2&quot;:&quot;lectures&quot;,&quot;show_instructor_label&quot;:&quot;yes&quot;,&quot;show_instructor_position&quot;:&quot;yes&quot;,&quot;show_instructor_bio&quot;:&quot;yes&quot;,&quot;course_image_size&quot;:{&quot;width&quot;:&quot;&quot;,&quot;height&quot;:&quot;&quot;}}\" data-widget_type=\"ms_lms_courses.default\">\n\t\t\t\t<div class=\"elementor-widget-container\">\n\t\t\t\t\t<div class=\"ms_lms_courses_archive\">\n\t\t<div class=\"ms_lms_courses_archive__content \">\n\t\t\t\t<div class=\"ms_lms_courses_card_wrapper\">\n\t\t\t\t\t\t<div class=\"ms_lms_courses_card card-style-2\">\n\t\t\t\t\t<div class=\"ms_lms_courses_card_item  \">\n\t\t<div class=\"ms_lms_courses_card_item_wrapper\">\n\t\t\t\t\t\t<div class=\"ms_lms_courses_card_item_image_wrapper\">\n\t\t\t\t<a href=\"https:\/\/teachblue.eu\/pt-pt\/courses\/teachblue-elearning\/\" class=\"ms_lms_courses_card_item_image_link\">\n\t\t\t\t\t<div class=\"masterstudy-lazyload-image\"><img data-src=\"https:\/\/teachblue.eu\/wp-content\/uploads\/post-feature-image-1.webp\" class=\"lazyload ms_lms_courses_card_item_image\"><\/div>\t\t\t\t<\/a>\n\t\t\t\t\t\t\t<\/div>\n\t\t\t<div class=\"ms_lms_courses_card_item_info\">\n\t\t\t\t\t\t\t\t\t<span class=\"ms_lms_courses_card_item_info_category\">\n\t\t\t\t\t\t<a href=\"https:\/\/teachblue.eu\/pt-pt\/?terms%5B%5D=81&#038;category%5B%5D=81\">\n\t\t\t\t\t\t\terasmus\t\t\t\t\t\t<\/a>\n\t\t\t\t\t<\/span>\n\t\t\t\t\t\t\t\t\t<a href=\"https:\/\/teachblue.eu\/pt-pt\/courses\/teachblue-elearning\/\" class=\"ms_lms_courses_card_item_info_title\">\n\t\t\t\t\t\t<h3>TeachBlue eLearning<\/h3>\n\t\t\t\t\t<\/a>\n\t\t\t\t\t\t\t\t\t<div class=\"ms_lms_courses_card_item_info_meta\">\n\t\t\t\t\t\t<div class=\"ms_lms_courses_card_item_meta_block\">\n\t<i class=\"stmlms-members\"><\/i>\n<span><\/span>\n<\/div>\n<div class=\"ms_lms_courses_card_item_meta_block\">\n\t<i class=\"stmlms-views\"><\/i>\n<span>36<\/span>\n<\/div>\n\t\t\t\t\t<\/div>\n\t\t\t\t\t\t\t\t\t\t<span class=\"ms_lms_courses_card_item_info_divider\"><\/span>\n\t\t\t\t\t\t\t\t\t\t<div class=\"ms_lms_courses_card_item_info_bottom_wrapper\">\n\t\t\t\t\t\t<div class=\"ms_lms_courses_card_item_meta_block\">\n\t<i class=\"stmlms-cats\"><\/i>\n<span>\n\t46 Sess\u00f5es de Forma\u00e7\u00e3o<\/span>\n<\/div>\n<div class=\"ms_lms_courses_card_item_meta_block\">\n\t<i class=\"stmlms-lms-clocks\"><\/i>\n<span>Sem Restri\u00e7\u00f5es<\/span>\n<\/div>\n\t\t\t\t\t<\/div>\n\t\t\t\t\t\t\t<\/div>\n\t\t<\/div>\n\t\t<div class=\"ms_lms_courses_card_item_popup\">\n\t\t\t<div class=\"ms_lms_courses_card_item_popup_author\">\n\t\t\t\t\t\t\t<img decoding=\"async\" src=\"https:\/\/secure.gravatar.com\/avatar\/aee4abe103a824b6aa8a7c168ef18992c82a2eb4b44040c28467e417728d94a7?s=215&#038;d=mm&#038;r=g\" alt=\"\" title=\"\">\n\t\t\t\t\t\t\t\t<span class=\"ms_lms_courses_card_item_popup_author_name\">Stando<\/span>\n\t\t\t\t\t<\/div>\n\t\t<a href=\"https:\/\/teachblue.eu\/pt-pt\/courses\/teachblue-elearning\/\" class=\"ms_lms_courses_card_item_popup_title\">\n\t\t<h3>TeachBlue eLearning<\/h3>\n\t<\/a>\n\t\t\t<div class=\"ms_lms_courses_card_item_popup_excerpt\">\n\t\t\tUm kit de ferramentas inovador de literacia dos oceanos para professores da primeira inf\u00e2ncia no \u00e2mbito dos 14 ODS \u2013 Conservar ...\t\t<\/div>\n\t\t\t\t<div class=\"ms_lms_courses_card_item_popup_meta\">\n\t\t\t<div class=\"ms_lms_courses_card_item_meta_block\">\n\t<i class=\"stmlms-levels\"><\/i>\n<span>Standard<\/span>\n<\/div>\n<div class=\"ms_lms_courses_card_item_meta_block\">\n\t<i class=\"stmlms-cats\"><\/i>\n<span>\n\t46 Sess\u00f5es de Forma\u00e7\u00e3o<\/span>\n<\/div>\n<div class=\"ms_lms_courses_card_item_meta_block\">\n\t<i class=\"stmlms-views\"><\/i>\n<span>36<\/span>\n<\/div>\n\t\t<\/div>\n\t\t<div class=\"ms_lms_courses_card_item_popup_button_wrapper\">\n\t\t<a href=\"https:\/\/teachblue.eu\/pt-pt\/courses\/teachblue-elearning\/\" class=\"ms_lms_courses_card_item_popup_button\">\n\t\t\t<span>Pr\u00e9-visualizar este curso<\/span>\n\t\t\t\t\t<\/a>\n\n\t\t\t<\/div>\n<\/div>\n\t<\/div>\n\t\t\t\t<\/div>\n\t\t\t<div class=\"ms_lms_courses_archive__pagination_wrapper\">\n\t\t\t\t\t\t\t<\/div>\n\t\t<\/div>\n\t<\/div>\n<\/div>\n\t\t\t\t<\/div>\n\t\t\t\t<\/div>\n\t\t\t\t\t<\/div>\n\t\t\t\t<\/div>\n\t\t<div class=\"elementor-element elementor-element-91e3d01 e-flex e-con-boxed e-con e-parent\" data-id=\"91e3d01\" data-element_type=\"container\" data-e-type=\"container\">\n\t\t\t\t\t<div class=\"e-con-inner\">\n\t\t\t\t<div class=\"elementor-element elementor-element-db2ac8a elementor-widget elementor-widget-gallery\" data-id=\"db2ac8a\" data-element_type=\"widget\" data-e-type=\"widget\" data-settings=\"{&quot;columns&quot;:&quot;6&quot;,&quot;columns_mobile_extra&quot;:&quot;6&quot;,&quot;columns_mobile&quot;:&quot;3&quot;,&quot;gap&quot;:{&quot;unit&quot;:&quot;px&quot;,&quot;size&quot;:&quot;50&quot;,&quot;sizes&quot;:[]},&quot;gap_tablet&quot;:{&quot;unit&quot;:&quot;px&quot;,&quot;size&quot;:&quot;0&quot;,&quot;sizes&quot;:[]},&quot;gap_mobile_extra&quot;:{&quot;unit&quot;:&quot;px&quot;,&quot;size&quot;:&quot;0&quot;,&quot;sizes&quot;:[]},&quot;aspect_ratio&quot;:&quot;4:3&quot;,&quot;lazyload&quot;:&quot;yes&quot;,&quot;gallery_layout&quot;:&quot;grid&quot;,&quot;gap_laptop&quot;:{&quot;unit&quot;:&quot;px&quot;,&quot;size&quot;:10,&quot;sizes&quot;:[]},&quot;gap_tablet_extra&quot;:{&quot;unit&quot;:&quot;px&quot;,&quot;size&quot;:10,&quot;sizes&quot;:[]},&quot;gap_mobile&quot;:{&quot;unit&quot;:&quot;px&quot;,&quot;size&quot;:10,&quot;sizes&quot;:[]},&quot;content_hover_animation&quot;:&quot;fade-in&quot;}\" data-widget_type=\"gallery.default\">\n\t\t\t\t\t\t\t<div class=\"elementor-gallery__container\">\n\t\t\t\t\t\t\t<div class=\"e-gallery-item elementor-gallery-item elementor-animated-content\">\n\t\t\t\t\t<div class=\"e-gallery-image elementor-gallery-item__image\" data-thumbnail=\"https:\/\/teachblue.eu\/wp-content\/uploads\/UNIWERSYTET-PRZYRODNICZY-WE-WROCLAWIU-1.webp\" data-width=\"400\" data-height=\"350\" aria-label=\"UNIWERSYTET PRZYRODNICZY WE WROCLAWIU\" role=\"img\" ><\/div>\n\t\t\t\t\t\t\t\t\t\t\t\t\t\t<\/div>\n\t\t\t\t\t\t\t<div class=\"e-gallery-item elementor-gallery-item elementor-animated-content\">\n\t\t\t\t\t<div class=\"e-gallery-image elementor-gallery-item__image\" data-thumbnail=\"https:\/\/teachblue.eu\/wp-content\/uploads\/standoutedu-1.webp\" data-width=\"400\" data-height=\"350\" aria-label=\"standoutedu\" role=\"img\" ><\/div>\n\t\t\t\t\t\t\t\t\t\t\t\t\t\t<\/div>\n\t\t\t\t\t\t\t<div class=\"e-gallery-item elementor-gallery-item elementor-animated-content\">\n\t\t\t\t\t<div class=\"e-gallery-image elementor-gallery-item__image\" data-thumbnail=\"https:\/\/teachblue.eu\/wp-content\/uploads\/democritus-university-of-thrace-1.webp\" data-width=\"400\" data-height=\"350\" aria-label=\"democritus university of thrace\" role=\"img\" ><\/div>\n\t\t\t\t\t\t\t\t\t\t\t\t\t\t<\/div>\n\t\t\t\t\t\t\t<div class=\"e-gallery-item elementor-gallery-item elementor-animated-content\">\n\t\t\t\t\t<div class=\"e-gallery-image elementor-gallery-item__image\" data-thumbnail=\"https:\/\/teachblue.eu\/wp-content\/uploads\/CMMI-CYPRUS-MARINE-AND-MARITIME-INSTITUTE-Cyprus-1.webp\" data-width=\"400\" data-height=\"350\" aria-label=\"\" role=\"img\" ><\/div>\n\t\t\t\t\t\t\t\t\t\t\t\t\t\t<\/div>\n\t\t\t\t\t\t\t<div class=\"e-gallery-item elementor-gallery-item elementor-animated-content\">\n\t\t\t\t\t<div class=\"e-gallery-image elementor-gallery-item__image\" data-thumbnail=\"https:\/\/teachblue.eu\/wp-content\/uploads\/CENTRO-DE-CIENCIAS-DO-MAR-DO-ALGARVE-Portugal-Faro.webp\" data-width=\"400\" data-height=\"350\" aria-label=\"CENTRO DE CIENCIAS DO MAR DO ALGARVE-Portugal-Faro\" role=\"img\" ><\/div>\n\t\t\t\t\t\t\t\t\t\t\t\t\t\t<\/div>\n\t\t\t\t\t\t\t<div class=\"e-gallery-item elementor-gallery-item elementor-animated-content\">\n\t\t\t\t\t<div class=\"e-gallery-image elementor-gallery-item__image\" data-thumbnail=\"https:\/\/teachblue.eu\/wp-content\/uploads\/Dracon-Rules-Design-Studio-Greece-Karditsa-1.webp\" data-width=\"400\" data-height=\"350\" aria-label=\"Dracon Rules Design Studio-Greece-Karditsa\" role=\"img\" ><\/div>\n\t\t\t\t\t\t\t\t\t\t\t\t\t\t<\/div>\n\t\t\t\t\t<\/div>\n\t\t\t\t\t<\/div>\n\t\t\t\t\t<\/div>\n\t\t\t\t<\/div>\n\t\t\t\t<\/div>\n\t\t","protected":false},"excerpt":{"rendered":"<p>Forma\u00e7\u00e3o erasmus TeachBlue eLearning 12 1221 39 Lectures No Limit Stando TeachBlue eLearning An innovative Marine and Ocean Literacy Toolkit For Early Childhood Teachers In The Frames Of The 14SDG &#8211; Conserve And Sustaina&#8230; Standard 39 Lectures 1221 Preview this course<\/p>\n","protected":false},"author":3,"featured_media":0,"parent":0,"menu_order":0,"comment_status":"closed","ping_status":"closed","template":"","meta":{"footnotes":""},"class_list":["post-3702","page","type-page","status-publish","hentry"],"_links":{"self":[{"href":"https:\/\/teachblue.eu\/pt-pt\/wp-json\/wp\/v2\/pages\/3702","targetHints":{"allow":["GET"]}}],"collection":[{"href":"https:\/\/teachblue.eu\/pt-pt\/wp-json\/wp\/v2\/pages"}],"about":[{"href":"https:\/\/teachblue.eu\/pt-pt\/wp-json\/wp\/v2\/types\/page"}],"author":[{"embeddable":true,"href":"https:\/\/teachblue.eu\/pt-pt\/wp-json\/wp\/v2\/users\/3"}],"replies":[{"embeddable":true,"href":"https:\/\/teachblue.eu\/pt-pt\/wp-json\/wp\/v2\/comments?post=3702"}],"version-history":[{"count":1,"href":"https:\/\/teachblue.eu\/pt-pt\/wp-json\/wp\/v2\/pages\/3702\/revisions"}],"predecessor-version":[{"id":4675,"href":"https:\/\/teachblue.eu\/pt-pt\/wp-json\/wp\/v2\/pages\/3702\/revisions\/4675"}],"wp:attachment":[{"href":"https:\/\/teachblue.eu\/pt-pt\/wp-json\/wp\/v2\/media?parent=3702"}],"curies":[{"name":"wp","href":"https:\/\/api.w.org\/{rel}","templated":true}]}}