{"id":3032,"date":"2023-09-08T07:33:32","date_gmt":"2023-09-08T04:33:32","guid":{"rendered":"https:\/\/teachblue.eu\/partners\/"},"modified":"2026-04-06T11:22:02","modified_gmt":"2026-04-06T08:22:02","slug":"partners","status":"publish","type":"page","link":"https:\/\/teachblue.eu\/pt-pt\/partners\/","title":{"rendered":"Colaboradores"},"content":{"rendered":"\t\t<div data-elementor-type=\"wp-page\" data-elementor-id=\"3032\" class=\"elementor elementor-3032 elementor-28\" data-elementor-post-type=\"page\">\n\t\t\t\t<div class=\"elementor-element elementor-element-e27b75a e-flex e-con-boxed e-con e-parent\" data-id=\"e27b75a\" data-element_type=\"container\" data-e-type=\"container\" data-settings=\"{&quot;background_background&quot;:&quot;video&quot;,&quot;background_video_link&quot;:&quot;https:\\\/\\\/youtu.be\\\/aXlkza_yKTE&quot;,&quot;background_play_on_mobile&quot;:&quot;yes&quot;,&quot;shape_divider_bottom&quot;:&quot;waves&quot;,&quot;shape_divider_bottom_negative&quot;:&quot;yes&quot;}\">\n\t\t\t\t\t<div class=\"e-con-inner\">\n\t\t<div class=\"elementor-background-video-container\">\n\t\t\t\t\t\t\t<div class=\"elementor-background-video-embed\" role=\"presentation\"><\/div>\n\t\t\t\t\t\t<\/div>\t\t<div class=\"elementor-shape elementor-shape-bottom\" aria-hidden=\"true\" data-negative=\"true\">\n\t\t\t<svg xmlns=\"http:\/\/www.w3.org\/2000\/svg\" viewBox=\"0 0 1000 100\" preserveAspectRatio=\"none\">\n\t<path class=\"elementor-shape-fill\" d=\"M790.5,93.1c-59.3-5.3-116.8-18-192.6-50c-29.6-12.7-76.9-31-100.5-35.9c-23.6-4.9-52.6-7.8-75.5-5.3\n\tc-10.2,1.1-22.6,1.4-50.1,7.4c-27.2,6.3-58.2,16.6-79.4,24.7c-41.3,15.9-94.9,21.9-134,22.6C72,58.2,0,25.8,0,25.8V100h1000V65.3\n\tc0,0-51.5,19.4-106.2,25.7C839.5,97,814.1,95.2,790.5,93.1z\"\/>\n<\/svg>\t\t<\/div>\n\t\t\t\t<div class=\"elementor-element elementor-element-b10a4ce elementor-widget-mobile__width-inherit vas-text-float elementor-view-default elementor-position-block-start elementor-mobile-position-block-start elementor-widget elementor-widget-icon-box\" data-id=\"b10a4ce\" data-element_type=\"widget\" data-e-type=\"widget\" data-widget_type=\"icon-box.default\">\n\t\t\t\t\t\t\t<div class=\"elementor-icon-box-wrapper\">\n\n\t\t\t\t\t\t<div class=\"elementor-icon-box-icon\">\n\t\t\t\t<span  class=\"elementor-icon\">\n\t\t\t\t<svg xmlns=\"http:\/\/www.w3.org\/2000\/svg\" xmlns:xlink=\"http:\/\/www.w3.org\/1999\/xlink\" id=\"Capa_1\" x=\"0px\" y=\"0px\" viewBox=\"0 0 512 512\" style=\"enable-background:new 0 0 512 512;\" xml:space=\"preserve\"><path style=\"fill:#FBBF00;\" d=\"M291.484,113.248c-11.393-32.253-46.776-49.164-79.029-37.771l-61.683,21.789l25.245,71.466 l119.719-43.45L291.484,113.248z\"><\/path><g>\t<path style=\"fill:#FFA900;\" d=\"M176.017,343.267l-25.245,71.466l61.683,21.789c32.253,11.393,67.636-5.517,79.029-37.77  l4.251-12.035L176.017,343.267z\"><\/path>\t<path style=\"fill:#FFA900;\" d=\"M328.793,119.756c-99.049,0-217.351,78.811-249.175,119.559v33.368  c31.823,40.749,150.125,119.559,249.175,119.559C444.378,392.243,512,256,512,256S444.378,119.756,328.793,119.756z\"><\/path><\/g><path style=\"fill:#FF8800;\" d=\"M79.618,256v16.684c31.823,40.749,150.125,119.559,249.175,119.559C444.378,392.243,512,256,512,256 H79.618z\"><\/path><path style=\"fill:#FBBF00;\" d=\"M512,256c0,0-47.006-94.673-129.609-126.174c-25.911,34.944-41.323,78.691-41.323,126.173 s15.411,91.229,41.323,126.174C464.994,350.673,512,256,512,256z\"><\/path><path style=\"fill:#FFA900;\" d=\"M512,256H341.068c0,47.482,15.411,91.229,41.323,126.174C464.994,350.673,512,256,512,256z\"><\/path><circle style=\"fill:#333333;\" cx=\"416.24\" cy=\"221.63\" r=\"15\"><\/circle><path style=\"fill:#FF8800;\" d=\"M33.53,256h-7.088C11.838,256,0,244.162,0,229.558v-62.027h7.994 c41.131,0,74.474,33.343,74.474,74.474v27.989c0,41.131-33.343,74.474-74.474,74.474H0v-62.027C0,267.838,11.838,256,26.442,256\"><\/path><path style=\"fill:#E47700;\" d=\"M33.53,256h-7.088c-14.603,0,56.027,0,56.027,0v13.995c0,41.131-33.343,74.474-74.474,74.474H0 v-62.027C0,267.838,11.838,256,26.442,256\"><\/path><g><\/g><g><\/g><g><\/g><g><\/g><g><\/g><g><\/g><g><\/g><g><\/g><g><\/g><g><\/g><g><\/g><g><\/g><g><\/g><g><\/g><g><\/g><\/svg>\t\t\t\t<\/span>\n\t\t\t<\/div>\n\t\t\t\n\t\t\t\t\t\t<div class=\"elementor-icon-box-content\">\n\n\t\t\t\t\t\t\t\t\t<h1 class=\"elementor-icon-box-title\">\n\t\t\t\t\t\t<span  >\n\t\t\t\t\t\t\tColaboradores\t\t\t\t\t\t<\/span>\n\t\t\t\t\t<\/h1>\n\t\t\t\t\n\t\t\t\t\t\t\t\t\t<p class=\"elementor-icon-box-description\">\n\t\t\t\t\t\tProject Code: KA220-SCH-9BD23C79\t\t\t\t\t<\/p>\n\t\t\t\t\n\t\t\t<\/div>\n\t\t\t\n\t\t<\/div>\n\t\t\t\t\t\t<\/div>\n\t\t\t\t\t<\/div>\n\t\t\t\t<\/div>\n\t\t<section class=\"elementor-element elementor-element-a53a89e e-flex e-con-boxed e-con e-parent\" data-id=\"a53a89e\" data-element_type=\"container\" data-e-type=\"container\">\n\t\t\t\t\t<div class=\"e-con-inner\">\n\t\t\t\t<div class=\"elementor-element elementor-element-c0e0775 elementor-widget__width-initial elementor-widget elementor-widget-video\" data-id=\"c0e0775\" data-element_type=\"widget\" data-e-type=\"widget\" data-settings=\"{&quot;youtube_url&quot;:&quot;https:\\\/\\\/youtu.be\\\/aXlkza_yKTE&quot;,&quot;autoplay&quot;:&quot;yes&quot;,&quot;mute&quot;:&quot;yes&quot;,&quot;loop&quot;:&quot;yes&quot;,&quot;start&quot;:&quot;10&quot;,&quot;play_on_mobile&quot;:&quot;yes&quot;,&quot;video_type&quot;:&quot;youtube&quot;}\" data-widget_type=\"video.default\">\n\t\t\t\t\t\t\t<div class=\"elementor-wrapper elementor-open-inline\">\n\t\t\t<div class=\"elementor-video\"><\/div>\t\t<\/div>\n\t\t\t\t\t\t<\/div>\n\t\t\t\t\t<\/div>\n\t\t\t\t<\/section>\n\t\t<section class=\"elementor-element elementor-element-ef90a2d e-flex e-con-boxed e-con e-parent\" data-id=\"ef90a2d\" data-element_type=\"container\" data-e-type=\"container\" data-settings=\"{&quot;background_background&quot;:&quot;classic&quot;}\">\n\t\t\t\t\t<div class=\"e-con-inner\">\n\t\t\t\t<div class=\"elementor-element elementor-element-b1f2ac4 elementor-widget__width-initial elementor-position-top elementor-widget elementor-widget-image-box\" data-id=\"b1f2ac4\" data-element_type=\"widget\" data-e-type=\"widget\" data-widget_type=\"image-box.default\">\n\t\t\t\t\t<div class=\"elementor-image-box-wrapper\"><figure class=\"elementor-image-box-img\"><a href=\"https:\/\/upwr.edu.pl\/en\" target=\"_blank\" tabindex=\"-1\" rel=\"noopener\"><img decoding=\"async\" width=\"400\" height=\"124\" src=\"https:\/\/teachblue.eu\/wp-content\/uploads\/UNIWERSYTET-PRZYRODNICZY-WE-WROCLAWIU-partners-page.webp\" class=\"attachment-full size-full wp-image-3034\" alt=\"\" loading=\"eager\" title=\"\"><\/a><\/figure><div class=\"elementor-image-box-content\"><h3 class=\"elementor-image-box-title\"><a href=\"https:\/\/upwr.edu.pl\/en\" target=\"_blank\" rel=\"noopener\">UNIWERSYTET PRZYRODNICZY WE WROCLAWIU <br>Poland<\/a><\/h3><p class=\"elementor-image-box-description\">A Universidade de Ci\u00eancias Agr\u00edcolas de Wroc\u0142aw (UPWr) \u00e9 uma das melhores institui\u00e7\u00f5es de ensino superior especializadas da Pol\u00f3nia. Oferece acesso \u00e0 educa\u00e7\u00e3o e realiza investiga\u00e7\u00e3o em disciplinas ligadas \u00e0s ci\u00eancias da vida e \u00e0 tecnologia, como a agricultura, a biologia, a veterin\u00e1ria, a engenharia ambiental e a ci\u00eancia alimentar.  <br><br>Sendo a \u00fanica universidade deste tipo no sudoeste da Pol\u00f3nia, a UPWr tornou-se um importante contribuinte para o panorama acad\u00e9mico e cient\u00edfico regional. Cientes dos desafios, expectativas e esperan\u00e7as em rela\u00e7\u00e3o \u00e0s conquistas da ci\u00eancia, \u00e0s mudan\u00e7as no processo de ensino e ao mundo que nos rodeia, queremos desenvolver a Universidade de Ci\u00eancias Agr\u00edcolas de Wroc\u0142aw no tri\u00e2ngulo fundamental do conhecimento: educa\u00e7\u00e3o \u2013 investiga\u00e7\u00e3o \u2013 coopera\u00e7\u00e3o com a sociedade.<\/p><\/div><\/div>\t\t\t\t<\/div>\n\t\t\t\t<div class=\"elementor-element elementor-element-2320efd elementor-widget__width-initial elementor-position-top elementor-widget elementor-widget-image-box\" data-id=\"2320efd\" data-element_type=\"widget\" data-e-type=\"widget\" data-widget_type=\"image-box.default\">\n\t\t\t\t\t<div class=\"elementor-image-box-wrapper\"><figure class=\"elementor-image-box-img\"><a href=\"https:\/\/standoutedu.com\/\" target=\"_blank\" tabindex=\"-1\" rel=\"noopener\"><img decoding=\"async\" width=\"400\" height=\"124\" src=\"https:\/\/teachblue.eu\/wp-content\/uploads\/standoutedu-partners-page.webp\" class=\"attachment-full size-full wp-image-3038\" alt=\"standoutedu\" loading=\"eager\" title=\"\"><\/a><\/figure><div class=\"elementor-image-box-content\"><h3 class=\"elementor-image-box-title\"><a href=\"https:\/\/standoutedu.com\/\" target=\"_blank\" rel=\"noopener\">STANDO<br>Cyprus<\/a><\/h3><p class=\"elementor-image-box-description\">A STANDO LTD (STANDOutEdu) \u00e9 uma organiza\u00e7\u00e3o de investiga\u00e7\u00e3o e educa\u00e7\u00e3o sediada no Chipre, dedicada ao avan\u00e7o da investiga\u00e7\u00e3o e inova\u00e7\u00e3o, e um Centro de Educa\u00e7\u00e3o e Forma\u00e7\u00e3o Profissional (VET) aprovado e acreditado pela Autoridade de Desenvolvimento de Recursos Humanos do Chipre. <br><br>A organiza\u00e7\u00e3o promove ainda atividades educativas e o desenvolvimento de compet\u00eancias profissionais e sociais de crian\u00e7as, jovens e adultos, para que se possam adaptar e integrar eficazmente numa sociedade din\u00e2mica.<\/p><\/div><\/div>\t\t\t\t<\/div>\n\t\t\t\t<div class=\"elementor-element elementor-element-00004b2 elementor-widget__width-initial elementor-position-top elementor-widget elementor-widget-image-box\" data-id=\"00004b2\" data-element_type=\"widget\" data-e-type=\"widget\" data-widget_type=\"image-box.default\">\n\t\t\t\t\t<div class=\"elementor-image-box-wrapper\"><figure class=\"elementor-image-box-img\"><img decoding=\"async\" width=\"400\" height=\"124\" src=\"https:\/\/teachblue.eu\/wp-content\/uploads\/democritus-university-of-thrace-partners-page.webp\" class=\"attachment-full size-full wp-image-3039\" alt=\"\" loading=\"eager\" title=\"\"><\/figure><div class=\"elementor-image-box-content\"><h3 class=\"elementor-image-box-title\">DIMOKRITIO PANEPISTIMIO THRAKIS<br>Greece<\/h3><p class=\"elementor-image-box-description\">Fundada em 1973, a Universidade Dem\u00f3crito da Tr\u00e1cia (DUTH) \u00e9 uma universidade p\u00fablica multicampi no norte da Gr\u00e9cia. Oferece programas de licenciatura, p\u00f3s-gradua\u00e7\u00e3o e doutoramento numa vasta gama de disciplinas e mant\u00e9m uma participa\u00e7\u00e3o ativa em redes de investiga\u00e7\u00e3o europeias e iniciativas Erasmus. <br><br>\nO Departamento de Educa\u00e7\u00e3o Prim\u00e1ria, com sede em Alexandr\u00f3polis, prepara os futuros professores do ensino prim\u00e1rio atrav\u00e9s de um programa de licenciatura de quatro anos, bem como estudos de p\u00f3s-gradua\u00e7\u00e3o e doutoramento em ci\u00eancias da educa\u00e7\u00e3o. <br><br>O seu curr\u00edculo integra pedagogia, did\u00e1tica espec\u00edfica da disciplina, metodologia de investiga\u00e7\u00e3o e est\u00e1gio supervisionado em escolas. A atividade de investiga\u00e7\u00e3o centra-se na educa\u00e7\u00e3o cient\u00edfica e ambiental, na inova\u00e7\u00e3o curricular, na aprendizagem digital, na educa\u00e7\u00e3o inclusiva e no desenvolvimento profissional de professores.<br><br>\n\nO Departamento contribui ativamente para projetos europeus, promovendo pr\u00e1ticas educativas baseadas na evid\u00eancia e a colabora\u00e7\u00e3o acad\u00e9mica internacional.<\/p><\/div><\/div>\t\t\t\t<\/div>\n\t\t\t\t<div class=\"elementor-element elementor-element-96e97e7 elementor-widget__width-initial elementor-position-top elementor-widget elementor-widget-image-box\" data-id=\"96e97e7\" data-element_type=\"widget\" data-e-type=\"widget\" data-widget_type=\"image-box.default\">\n\t\t\t\t\t<div class=\"elementor-image-box-wrapper\"><figure class=\"elementor-image-box-img\"><a href=\"http:\/\/www.cmmi.blue\" target=\"_blank\" tabindex=\"-1\" rel=\"noopener\"><img decoding=\"async\" width=\"400\" height=\"124\" src=\"https:\/\/teachblue.eu\/wp-content\/uploads\/CMMI-CYPRUS-MARINE-AND-MARITIME-INSTITUTE-partners-page.webp\" class=\"attachment-full size-full wp-image-3036\" alt=\"CMMI-CYPRUS-MARINE-AND-MARITIME-INSTITUTE\" loading=\"eager\" title=\"\"><\/a><\/figure><div class=\"elementor-image-box-content\"><h3 class=\"elementor-image-box-title\"><a href=\"http:\/\/www.cmmi.blue\" target=\"_blank\" rel=\"noopener\">CMMI CYPRUS MARINE AND MARITIME INSTITUTE<br>Cyprus<\/a><\/h3><p class=\"elementor-image-box-description\">O Instituto Marinho e Mar\u00edtimo do Chipre (CMMI) foi criado em abril de 2019 como um Centro de Excel\u00eancia para a investiga\u00e7\u00e3o, inova\u00e7\u00e3o e desenvolvimento tecnol\u00f3gico nas \u00e1reas marinha e mar\u00edtima. A sua sede \u00e9 na cidade de Larnaca, no Chipre, uma ilha situada na encruzilhada de tr\u00eas continentes e importantes rotas mar\u00edtimas, com uma rica tradi\u00e7\u00e3o mar\u00edtima e uma ind\u00fastria naval de destaque. <br><br>O CMMI recebeu financiamento da Uni\u00e3o Europeia atrav\u00e9s do projeto Teaming MaRITeC-X do programa Horizonte 2020, para al\u00e9m de financiamento complementar do Governo do Chipre. A vis\u00e3o do CMMI \u00e9 impulsionar o Crescimento Azul sustent\u00e1vel, atendendo \u00e0s necessidades da ind\u00fastria e da sociedade no \u00e2mbito dos setores marinho e mar\u00edtimo. O instituto conta com dez Centros de Investiga\u00e7\u00e3o e Inova\u00e7\u00e3o que atuam nas \u00e1reas da observa\u00e7\u00e3o marinha, rob\u00f3tica marinha, digitaliza\u00e7\u00e3o mar\u00edtima, engenharia mar\u00edtima, ecossistemas marinhos e costeiros, o elemento humano no mar, patrim\u00f3nio cultural marinho, pol\u00edticas marinhas e mar\u00edtimas, coopera\u00e7\u00e3o regional e tecnologias subaqu\u00e1ticas e do fundo do mar.<br><br>Desde a sua cria\u00e7\u00e3o, o CMMI tem estado envolvido em projetos que criam solu\u00e7\u00f5es para problemas que afetam tanto a ind\u00fastria como a sociedade, como a prote\u00e7\u00e3o da biodiversidade marinha, a descarboniza\u00e7\u00e3o, a promo\u00e7\u00e3o da digitaliza\u00e7\u00e3o e o combate \u00e0s altera\u00e7\u00f5es clim\u00e1ticas. Atualmente, o CMMI emprega mais de 50 pessoas.<\/p><\/div><\/div>\t\t\t\t<\/div>\n\t\t\t\t<div class=\"elementor-element elementor-element-a848d51 elementor-widget__width-initial elementor-position-top elementor-widget elementor-widget-image-box\" data-id=\"a848d51\" data-element_type=\"widget\" data-e-type=\"widget\" data-widget_type=\"image-box.default\">\n\t\t\t\t\t<div class=\"elementor-image-box-wrapper\"><figure class=\"elementor-image-box-img\"><a href=\"https:\/\/ccmar.ualg.pt\/nossa-estrategia\" target=\"_blank\" tabindex=\"-1\" rel=\"noopener\"><img decoding=\"async\" width=\"400\" height=\"124\" src=\"https:\/\/teachblue.eu\/wp-content\/uploads\/CENTRO-DE-CIENCIAS-DO-MAR-DO-ALGARVE-Portugal-partners-page.webp\" class=\"attachment-full size-full wp-image-3040\" alt=\"CENTRO-DE-CIENCIAS-DO-MAR-DO-ALGARVE-Portugal\" loading=\"eager\" title=\"\"><\/a><\/figure><div class=\"elementor-image-box-content\"><h3 class=\"elementor-image-box-title\"><a href=\"https:\/\/ccmar.ualg.pt\/nossa-estrategia\" target=\"_blank\" rel=\"noopener\">CENTRO DE CIENCIAS DO MAR DO ALGARVE<br>Portugal<\/a><\/h3><p class=\"elementor-image-box-description\">The Algarve Marine Science Centre, also known by its acronym CCMAR, is one of the leading marine science research centers in Portugal and is widely recognized for the excellence of its research at European level. Its capacity is based on a multidisciplinary team including marine biology, ecology, oceanography, environmental sciences, biotechnology, fisheries and aquaculture.  Located in the south of Portugal, CCMAR is an independent, non-profit research organization, part of the University of the Algarve system, with public utility status. <br><br>We are an institution that leads the way in ocean research, developing science and technology to respond to major challenges facing society. The ocean is our future. The ocean covers 70% of our planet, is home to an enormous diversity of life and ecosystems and is fundamental to regulating the climate and the global carbon cycle. Although the ocean is essential for life on Earth, we still don't know exactly how it works or how it reacts to changes and threats.    If the ocean is our focus, science is our foundation. <br><br>With a multidisciplinary strategy and following Open Science policies, our science contributes to Society, Education, Collaboration and Industry, focusing on three essential pillars: Knowing, Protecting and Exploring the Ocean. Some of our indicators: 335 members (60% women and 40% men); 18 research groups; 337 scientific articles; 88 scientific projects; 19 European Union projects; 161 researchers; 89 PhD students; 5400 students involved in school activities; 2559 followers on Instagram, 10799 on Facebook and 16301 on LinkedIn; 4 spinoffs and 4 advanced courses. <\/p><\/div><\/div>\t\t\t\t<\/div>\n\t\t\t\t<div class=\"elementor-element elementor-element-17f7c85 elementor-widget__width-initial elementor-position-top elementor-widget elementor-widget-image-box\" data-id=\"17f7c85\" data-element_type=\"widget\" data-e-type=\"widget\" data-widget_type=\"image-box.default\">\n\t\t\t\t\t<div class=\"elementor-image-box-wrapper\"><figure class=\"elementor-image-box-img\"><a href=\"https:\/\/erasmus.draconrds.com\/\" target=\"_blank\" tabindex=\"-1\" rel=\"noopener\"><img decoding=\"async\" width=\"400\" height=\"124\" src=\"https:\/\/teachblue.eu\/wp-content\/uploads\/Dracon-Rules-Design-Studio-Greece-Karditsa-partners-page.webp\" class=\"attachment-full size-full wp-image-3037\" alt=\"Dracon-Rules-Design-Studio-Greece-Karditsa\" loading=\"eager\" title=\"\"><\/a><\/figure><div class=\"elementor-image-box-content\"><h3 class=\"elementor-image-box-title\"><a href=\"https:\/\/erasmus.draconrds.com\/\" target=\"_blank\" rel=\"noopener\">DRAGON RULES DESIGN STUDIO<br>Greece<\/a><\/h3><p class=\"elementor-image-box-description\">O Dracon Rules Design Studio \u00e9 uma organiza\u00e7\u00e3o sem fins lucrativos e n\u00e3o governamental, cujo objetivo \u00e9 promover os jogos de tabuleiro e os seus benef\u00edcios como ferramentas no setor da educa\u00e7\u00e3o e na sociedade em geral. O nosso principal objetivo \u00e9 desenvolver atividades que contribuam para a cria\u00e7\u00e3o, forma\u00e7\u00e3o, aperfei\u00e7oamento, desenvolvimento, an\u00e1lise, cr\u00edtica e divulga\u00e7\u00e3o dos jogos como uma ferramenta educativa e social inovadora para a transforma\u00e7\u00e3o da educa\u00e7\u00e3o e a forma\u00e7\u00e3o de um novo tipo de rela\u00e7\u00f5es sociais baseadas na equidade e no esfor\u00e7o conjunto, bem como para os benef\u00edcios positivos dos jogos em todas as suas formas.  <br>Os nossos membros organizaram e participaram em diversos eventos ao longo dos anos, incluindo a\u00e7\u00f5es de benefic\u00eancia para pessoas necessitadas (refer\u00eancia mais recente: Furac\u00e3o Janus, Karditsa), eventos municipais e escolares, al\u00e9m de manterem um clube de jogos de tabuleiro para jovens ativo nas instala\u00e7\u00f5es da organiza\u00e7\u00e3o. <br><br>Como organiza\u00e7\u00e3o, atuamos nas \u00e1reas da educa\u00e7\u00e3o e do design de jogos de tabuleiro, cooperando com organismos p\u00fablicos e organiza\u00e7\u00f5es privadas para alcan\u00e7ar o nosso objetivo principal. O nosso objetivo \u00e9 participar em cons\u00f3rcios que necessitem do conjunto de compet\u00eancias espec\u00edficas para integrar os jogos na educa\u00e7\u00e3o como ferramenta, bem como noutras \u00e1reas-chave (inclus\u00e3o, equidade, capacita\u00e7\u00e3o, etc.).<\/p><\/div><\/div>\t\t\t\t<\/div>\n\t\t\t\t\t<\/div>\n\t\t\t\t<\/section>\n\t\t\t\t<\/div>\n\t\t","protected":false},"excerpt":{"rendered":"<p>Colaboradores Project Code: KA220-SCH-9BD23C79 https:\/\/youtu.be\/aXlkza_yKTE UNIWERSYTET PRZYRODNICZY WE WROCLAWIU Poland A Universidade de Ci\u00eancias Agr\u00edcolas de Wroc\u0142aw (UPWr) \u00e9 uma das melhores institui\u00e7\u00f5es de ensino superior especializadas da Pol\u00f3nia. Oferece acesso \u00e0 educa\u00e7\u00e3o e realiza investiga\u00e7\u00e3o em disciplinas ligadas \u00e0s ci\u00eancias da vida e \u00e0 tecnologia, como a agricultura, a biologia, a veterin\u00e1ria, a engenharia [&hellip;]<\/p>\n","protected":false},"author":1,"featured_media":0,"parent":0,"menu_order":0,"comment_status":"closed","ping_status":"closed","template":"","meta":{"footnotes":""},"class_list":["post-3032","page","type-page","status-publish","hentry"],"_links":{"self":[{"href":"https:\/\/teachblue.eu\/pt-pt\/wp-json\/wp\/v2\/pages\/3032","targetHints":{"allow":["GET"]}}],"collection":[{"href":"https:\/\/teachblue.eu\/pt-pt\/wp-json\/wp\/v2\/pages"}],"about":[{"href":"https:\/\/teachblue.eu\/pt-pt\/wp-json\/wp\/v2\/types\/page"}],"author":[{"embeddable":true,"href":"https:\/\/teachblue.eu\/pt-pt\/wp-json\/wp\/v2\/users\/1"}],"replies":[{"embeddable":true,"href":"https:\/\/teachblue.eu\/pt-pt\/wp-json\/wp\/v2\/comments?post=3032"}],"version-history":[{"count":3,"href":"https:\/\/teachblue.eu\/pt-pt\/wp-json\/wp\/v2\/pages\/3032\/revisions"}],"predecessor-version":[{"id":7005,"href":"https:\/\/teachblue.eu\/pt-pt\/wp-json\/wp\/v2\/pages\/3032\/revisions\/7005"}],"wp:attachment":[{"href":"https:\/\/teachblue.eu\/pt-pt\/wp-json\/wp\/v2\/media?parent=3032"}],"curies":[{"name":"wp","href":"https:\/\/api.w.org\/{rel}","templated":true}]}}