{"id":3042,"date":"2023-09-08T10:55:43","date_gmt":"2023-09-08T07:55:43","guid":{"rendered":"https:\/\/teachblue.eu\/kontakt\/"},"modified":"2026-01-27T09:30:06","modified_gmt":"2026-01-27T07:30:06","slug":"kontakt","status":"publish","type":"page","link":"https:\/\/teachblue.eu\/pl\/kontakt\/","title":{"rendered":"Skontaktuj si\u0119 z nami"},"content":{"rendered":"\t\t<div data-elementor-type=\"wp-page\" data-elementor-id=\"3042\" class=\"elementor elementor-3042 elementor-117\" data-elementor-post-type=\"page\">\n\t\t\t\t<div class=\"elementor-element elementor-element-eb6f762 e-flex e-con-boxed e-con e-parent\" data-id=\"eb6f762\" data-element_type=\"container\" data-e-type=\"container\" data-settings=\"{&quot;background_background&quot;:&quot;video&quot;,&quot;background_video_link&quot;:&quot;https:\\\/\\\/youtu.be\\\/aXlkza_yKTE&quot;,&quot;background_play_on_mobile&quot;:&quot;yes&quot;,&quot;shape_divider_bottom&quot;:&quot;waves&quot;,&quot;shape_divider_bottom_negative&quot;:&quot;yes&quot;}\">\n\t\t\t\t\t<div class=\"e-con-inner\">\n\t\t<div class=\"elementor-background-video-container\">\n\t\t\t\t\t\t\t<div class=\"elementor-background-video-embed\" role=\"presentation\"><\/div>\n\t\t\t\t\t\t<\/div>\t\t<div class=\"elementor-shape elementor-shape-bottom\" aria-hidden=\"true\" data-negative=\"true\">\n\t\t\t<svg xmlns=\"http:\/\/www.w3.org\/2000\/svg\" viewBox=\"0 0 1000 100\" preserveAspectRatio=\"none\">\n\t<path class=\"elementor-shape-fill\" d=\"M790.5,93.1c-59.3-5.3-116.8-18-192.6-50c-29.6-12.7-76.9-31-100.5-35.9c-23.6-4.9-52.6-7.8-75.5-5.3\n\tc-10.2,1.1-22.6,1.4-50.1,7.4c-27.2,6.3-58.2,16.6-79.4,24.7c-41.3,15.9-94.9,21.9-134,22.6C72,58.2,0,25.8,0,25.8V100h1000V65.3\n\tc0,0-51.5,19.4-106.2,25.7C839.5,97,814.1,95.2,790.5,93.1z\"\/>\n<\/svg>\t\t<\/div>\n\t\t\t\t<div class=\"elementor-element elementor-element-7d116de elementor-widget-mobile__width-inherit vas-text-float elementor-view-default elementor-position-block-start elementor-mobile-position-block-start elementor-widget elementor-widget-icon-box\" data-id=\"7d116de\" data-element_type=\"widget\" data-e-type=\"widget\" data-widget_type=\"icon-box.default\">\n\t\t\t\t\t\t\t<div class=\"elementor-icon-box-wrapper\">\n\n\t\t\t\t\t\t<div class=\"elementor-icon-box-icon\">\n\t\t\t\t<span  class=\"elementor-icon\">\n\t\t\t\t<svg xmlns=\"http:\/\/www.w3.org\/2000\/svg\" xmlns:xlink=\"http:\/\/www.w3.org\/1999\/xlink\" id=\"Capa_1\" x=\"0px\" y=\"0px\" viewBox=\"0 0 512 512\" style=\"enable-background:new 0 0 512 512;\" xml:space=\"preserve\"><path style=\"fill:#FBBF00;\" d=\"M291.484,113.248c-11.393-32.253-46.776-49.164-79.029-37.771l-61.683,21.789l25.245,71.466 l119.719-43.45L291.484,113.248z\"><\/path><g>\t<path style=\"fill:#FFA900;\" d=\"M176.017,343.267l-25.245,71.466l61.683,21.789c32.253,11.393,67.636-5.517,79.029-37.77  l4.251-12.035L176.017,343.267z\"><\/path>\t<path style=\"fill:#FFA900;\" d=\"M328.793,119.756c-99.049,0-217.351,78.811-249.175,119.559v33.368  c31.823,40.749,150.125,119.559,249.175,119.559C444.378,392.243,512,256,512,256S444.378,119.756,328.793,119.756z\"><\/path><\/g><path style=\"fill:#FF8800;\" d=\"M79.618,256v16.684c31.823,40.749,150.125,119.559,249.175,119.559C444.378,392.243,512,256,512,256 H79.618z\"><\/path><path style=\"fill:#FBBF00;\" d=\"M512,256c0,0-47.006-94.673-129.609-126.174c-25.911,34.944-41.323,78.691-41.323,126.173 s15.411,91.229,41.323,126.174C464.994,350.673,512,256,512,256z\"><\/path><path style=\"fill:#FFA900;\" d=\"M512,256H341.068c0,47.482,15.411,91.229,41.323,126.174C464.994,350.673,512,256,512,256z\"><\/path><circle style=\"fill:#333333;\" cx=\"416.24\" cy=\"221.63\" r=\"15\"><\/circle><path style=\"fill:#FF8800;\" d=\"M33.53,256h-7.088C11.838,256,0,244.162,0,229.558v-62.027h7.994 c41.131,0,74.474,33.343,74.474,74.474v27.989c0,41.131-33.343,74.474-74.474,74.474H0v-62.027C0,267.838,11.838,256,26.442,256\"><\/path><path style=\"fill:#E47700;\" d=\"M33.53,256h-7.088c-14.603,0,56.027,0,56.027,0v13.995c0,41.131-33.343,74.474-74.474,74.474H0 v-62.027C0,267.838,11.838,256,26.442,256\"><\/path><g><\/g><g><\/g><g><\/g><g><\/g><g><\/g><g><\/g><g><\/g><g><\/g><g><\/g><g><\/g><g><\/g><g><\/g><g><\/g><g><\/g><g><\/g><\/svg>\t\t\t\t<\/span>\n\t\t\t<\/div>\n\t\t\t\n\t\t\t\t\t\t<div class=\"elementor-icon-box-content\">\n\n\t\t\t\t\t\t\t\t\t<h1 class=\"elementor-icon-box-title\">\n\t\t\t\t\t\t<span  >\n\t\t\t\t\t\t\tSkontaktuj si\u0119 z nami\t\t\t\t\t\t<\/span>\n\t\t\t\t\t<\/h1>\n\t\t\t\t\n\t\t\t\t\t\t\t\t\t<p class=\"elementor-icon-box-description\">\n\t\t\t\t\t\tKod projektu: 2023-1-PL01-KA220-SCH-000152792\t\t\t\t\t<\/p>\n\t\t\t\t\n\t\t\t<\/div>\n\t\t\t\n\t\t<\/div>\n\t\t\t\t\t\t<\/div>\n\t\t\t\t\t<\/div>\n\t\t\t\t<\/div>\n\t\t<section class=\"elementor-element elementor-element-100ef6c e-flex e-con-boxed e-con e-parent\" data-id=\"100ef6c\" data-element_type=\"container\" data-e-type=\"container\">\n\t\t\t\t\t<div class=\"e-con-inner\">\n\t\t<div class=\"elementor-element elementor-element-fc2768e e-con-full e-flex e-con e-child\" data-id=\"fc2768e\" data-element_type=\"container\" data-e-type=\"container\" data-settings=\"{&quot;background_background&quot;:&quot;classic&quot;}\">\n\t\t\t\t<\/div>\n\t\t<div class=\"elementor-element elementor-element-196a081 e-con-full e-flex elementor-invisible e-con e-child\" data-id=\"196a081\" data-element_type=\"container\" data-e-type=\"container\" data-settings=\"{&quot;animation&quot;:&quot;fadeInRight&quot;,&quot;animation_delay&quot;:&quot;250&quot;}\">\n\t\t\t\t<div class=\"elementor-element elementor-element-19015d5 elementor-align-left elementor-mobile_extra-align-center elementor-widget elementor-widget-lottie\" data-id=\"19015d5\" data-element_type=\"widget\" data-e-type=\"widget\" data-settings=\"{&quot;source_json&quot;:{&quot;url&quot;:&quot;https:\\\/\\\/teachblue.eu\\\/wp-content\\\/uploads\\\/music-2.json&quot;,&quot;id&quot;:1765,&quot;size&quot;:&quot;&quot;,&quot;alt&quot;:&quot;&quot;,&quot;source&quot;:&quot;library&quot;},&quot;loop&quot;:&quot;yes&quot;,&quot;lazyload&quot;:&quot;yes&quot;,&quot;source&quot;:&quot;media_file&quot;,&quot;caption_source&quot;:&quot;none&quot;,&quot;link_to&quot;:&quot;none&quot;,&quot;trigger&quot;:&quot;arriving_to_viewport&quot;,&quot;viewport&quot;:{&quot;unit&quot;:&quot;%&quot;,&quot;size&quot;:&quot;&quot;,&quot;sizes&quot;:{&quot;start&quot;:0,&quot;end&quot;:100}},&quot;play_speed&quot;:{&quot;unit&quot;:&quot;px&quot;,&quot;size&quot;:1,&quot;sizes&quot;:[]},&quot;start_point&quot;:{&quot;unit&quot;:&quot;%&quot;,&quot;size&quot;:0,&quot;sizes&quot;:[]},&quot;end_point&quot;:{&quot;unit&quot;:&quot;%&quot;,&quot;size&quot;:100,&quot;sizes&quot;:[]},&quot;renderer&quot;:&quot;svg&quot;}\" data-widget_type=\"lottie.default\">\n\t\t\t\t\t<div class=\"e-lottie__container\"><div class=\"e-lottie__animation\"><\/div><\/div>\t\t\t\t<\/div>\n\t\t\t\t<div class=\"elementor-element elementor-element-c06697b elementor-widget-mobile_extra__width-auto elementor-widget elementor-widget-heading\" data-id=\"c06697b\" data-element_type=\"widget\" data-e-type=\"widget\" data-widget_type=\"heading.default\">\n\t\t\t\t\t<h2 class=\"elementor-heading-title elementor-size-default\">Skontaktuj si\u0119 z nami<\/h2>\t\t\t\t<\/div>\n\t\t\t\t<div class=\"elementor-element elementor-element-19de418 elementor-widget elementor-widget-text-editor\" data-id=\"19de418\" data-element_type=\"widget\" data-e-type=\"widget\" data-widget_type=\"text-editor.default\">\n\t\t\t\t\t\t\t\t\t<p>Chcesz dowiedzie\u0107 si\u0119 wi\u0119cej o projekcie TeachBlue?<\/p>\n\t\t\t\t\t\t\t\t<\/div>\n\t\t\t\t<div class=\"elementor-element elementor-element-854e6cb elementor-widget elementor-widget-template\" data-id=\"854e6cb\" data-element_type=\"widget\" data-e-type=\"widget\" data-widget_type=\"template.default\">\n\t\t\t\t<div class=\"elementor-widget-container\">\n\t\t\t\t\t\t\t<div class=\"elementor-template\">\n\t\t\t\t\t<div data-elementor-type=\"container\" data-elementor-id=\"3065\" class=\"elementor elementor-3065 elementor-505 elementor-505\" data-elementor-post-type=\"elementor_library\">\n\t\t\t\t<section class=\"elementor-element elementor-element-2cfad7a e-con-full e-flex e-con e-parent\" data-id=\"2cfad7a\" data-element_type=\"container\" data-e-type=\"container\">\n\t\t\t\t<div class=\"elementor-element elementor-element-d7815f4 elementor-button-align-stretch elementor-widget elementor-widget-form\" data-id=\"d7815f4\" data-element_type=\"widget\" data-e-type=\"widget\" data-settings=\"{&quot;step_next_label&quot;:&quot;Next&quot;,&quot;step_previous_label&quot;:&quot;Previous&quot;,&quot;button_width&quot;:&quot;100&quot;,&quot;step_type&quot;:&quot;number_text&quot;,&quot;step_icon_shape&quot;:&quot;circle&quot;}\" data-widget_type=\"form.default\">\n\t\t\t\t\t\t\t<form class=\"elementor-form\" method=\"post\" id=\"contact_us\" name=\"Kontakt\" aria-label=\"Kontakt\">\n\t\t\t<input type=\"hidden\" name=\"post_id\" value=\"3065\"\/>\n\t\t\t<input type=\"hidden\" name=\"form_id\" value=\"d7815f4\"\/>\n\t\t\t<input type=\"hidden\" name=\"referer_title\" value=\"Call For Educators \/ Trainers For Ocean Literacy Workshop &raquo; TeachBlue!\" \/>\n\n\t\t\t\t\t\t\t<input type=\"hidden\" name=\"queried_id\" value=\"4013\"\/>\n\t\t\t\n\t\t\t<div class=\"elementor-form-fields-wrapper elementor-labels-\">\n\t\t\t\t\t\t\t\t<div class=\"elementor-field-type-text\">\n\t\t\t\t\t<input size=\"1\" type=\"text\" name=\"form_fields[field_5e1e7ea]\" id=\"form-field-field_5e1e7ea\" class=\"elementor-field elementor-size-sm \" style=\"display:none !important;\">\t\t\t\t<\/div>\n\t\t\t\t\t\t\t\t<div class=\"elementor-field-type-text elementor-field-group elementor-column elementor-field-group-contact_us_full_name elementor-col-100 elementor-field-required\">\n\t\t\t\t\t\t\t\t\t\t\t\t<label for=\"form-field-contact_us_full_name\" class=\"elementor-field-label elementor-screen-only\">\n\t\t\t\t\t\t\t\tFull Name\t\t\t\t\t\t\t<\/label>\n\t\t\t\t\t\t\t\t\t\t\t\t\t\t<input size=\"1\" type=\"text\" name=\"form_fields[contact_us_full_name]\" id=\"form-field-contact_us_full_name\" class=\"elementor-field elementor-size-sm  elementor-field-textual\" placeholder=\"Full Name\" required=\"required\">\n\t\t\t\t\t\t\t\t\t\t\t<\/div>\n\t\t\t\t\t\t\t\t<div class=\"elementor-field-type-text\">\n\t\t\t\t\t<input size=\"1\" type=\"text\" name=\"form_fields[field_1c37dfd]\" id=\"form-field-field_1c37dfd\" class=\"elementor-field elementor-size-sm \" style=\"display:none !important;\">\t\t\t\t<\/div>\n\t\t\t\t\t\t\t\t<div class=\"elementor-field-type-email elementor-field-group elementor-column elementor-field-group-contact_us_email elementor-col-100 elementor-field-required\">\n\t\t\t\t\t\t\t\t\t\t\t\t<label for=\"form-field-contact_us_email\" class=\"elementor-field-label elementor-screen-only\">\n\t\t\t\t\t\t\t\tEmail\t\t\t\t\t\t\t<\/label>\n\t\t\t\t\t\t\t\t\t\t\t\t\t\t<input size=\"1\" type=\"email\" name=\"form_fields[contact_us_email]\" id=\"form-field-contact_us_email\" class=\"elementor-field elementor-size-sm  elementor-field-textual\" placeholder=\"Email\" required=\"required\">\n\t\t\t\t\t\t\t\t\t\t\t<\/div>\n\t\t\t\t\t\t\t\t<div class=\"elementor-field-type-textarea elementor-field-group elementor-column elementor-field-group-contact_us_message elementor-col-100 elementor-field-required\">\n\t\t\t\t\t\t\t\t\t\t\t\t<label for=\"form-field-contact_us_message\" class=\"elementor-field-label elementor-screen-only\">\n\t\t\t\t\t\t\t\tMessage\t\t\t\t\t\t\t<\/label>\n\t\t\t\t\t\t<textarea class=\"elementor-field-textual elementor-field  elementor-size-sm\" name=\"form_fields[contact_us_message]\" id=\"form-field-contact_us_message\" rows=\"4\" placeholder=\"Type your message...\" required=\"required\"><\/textarea>\t\t\t\t<\/div>\n\t\t\t\t\t\t\t\t<div class=\"elementor-field-type-acceptance elementor-field-group elementor-column elementor-field-group-field_03562e4 elementor-col-100 elementor-field-required\">\n\t\t\t\t\t\t\t<div class=\"elementor-field-subgroup\">\n\t\t\t<span class=\"elementor-field-option\">\n\t\t\t\t<input type=\"checkbox\" name=\"form_fields[field_03562e4]\" id=\"form-field-field_03562e4\" class=\"elementor-field elementor-size-sm  elementor-acceptance-field\" required=\"required\">\n\t\t\t\t<label for=\"form-field-field_03562e4\">I acknowledge this form collects my name &amp; email for contact purposes<\/label>\t\t\t<\/span>\n\t\t<\/div>\n\t\t\t\t\t\t<\/div>\n\t\t\t\t\t\t\t\t<div class=\"elementor-field-type-recaptcha_v3 elementor-field-group elementor-column elementor-field-group-field_e88bc6d elementor-col-100 recaptcha_v3-bottomleft\">\n\t\t\t\t\t<div class=\"elementor-field\" id=\"form-field-field_e88bc6d\"><div class=\"elementor-g-recaptcha\" data-sitekey=\"6Lcmq94pAAAAAANjkBNEglT7eEyPK-DAuNrti9jo\" data-type=\"v3\" data-action=\"Form\" data-badge=\"bottomleft\" data-size=\"invisible\"><\/div><\/div>\t\t\t\t<\/div>\n\t\t\t\t\t\t\t\t<div class=\"elementor-field-group elementor-column elementor-field-type-submit elementor-col-100 e-form__buttons\">\n\t\t\t\t\t<button class=\"elementor-button elementor-size-sm\" type=\"submit\">\n\t\t\t\t\t\t<span class=\"elementor-button-content-wrapper\">\n\t\t\t\t\t\t\t\t\t\t\t\t\t\t\t<span class=\"elementor-button-icon\">\n\t\t\t\t\t\t\t\t\t<svg xmlns=\"http:\/\/www.w3.org\/2000\/svg\" xmlns:xlink=\"http:\/\/www.w3.org\/1999\/xlink\" id=\"Capa_1\" x=\"0px\" y=\"0px\" viewBox=\"0 0 512 512\" style=\"enable-background:new 0 0 512 512;\" xml:space=\"preserve\"><path style=\"fill:#FBBF00;\" d=\"M291.484,113.248c-11.393-32.253-46.776-49.164-79.029-37.771l-61.683,21.789l25.245,71.466 l119.719-43.45L291.484,113.248z\"><\/path><g>\t<path style=\"fill:#FFA900;\" d=\"M176.017,343.267l-25.245,71.466l61.683,21.789c32.253,11.393,67.636-5.517,79.029-37.77  l4.251-12.035L176.017,343.267z\"><\/path>\t<path style=\"fill:#FFA900;\" d=\"M328.793,119.756c-99.049,0-217.351,78.811-249.175,119.559v33.368  c31.823,40.749,150.125,119.559,249.175,119.559C444.378,392.243,512,256,512,256S444.378,119.756,328.793,119.756z\"><\/path><\/g><path style=\"fill:#FF8800;\" d=\"M79.618,256v16.684c31.823,40.749,150.125,119.559,249.175,119.559C444.378,392.243,512,256,512,256 H79.618z\"><\/path><path style=\"fill:#FBBF00;\" d=\"M512,256c0,0-47.006-94.673-129.609-126.174c-25.911,34.944-41.323,78.691-41.323,126.173 s15.411,91.229,41.323,126.174C464.994,350.673,512,256,512,256z\"><\/path><path style=\"fill:#FFA900;\" d=\"M512,256H341.068c0,47.482,15.411,91.229,41.323,126.174C464.994,350.673,512,256,512,256z\"><\/path><circle style=\"fill:#333333;\" cx=\"416.24\" cy=\"221.63\" r=\"15\"><\/circle><path style=\"fill:#FF8800;\" d=\"M33.53,256h-7.088C11.838,256,0,244.162,0,229.558v-62.027h7.994 c41.131,0,74.474,33.343,74.474,74.474v27.989c0,41.131-33.343,74.474-74.474,74.474H0v-62.027C0,267.838,11.838,256,26.442,256\"><\/path><path style=\"fill:#E47700;\" d=\"M33.53,256h-7.088c-14.603,0,56.027,0,56.027,0v13.995c0,41.131-33.343,74.474-74.474,74.474H0 v-62.027C0,267.838,11.838,256,26.442,256\"><\/path><g><\/g><g><\/g><g><\/g><g><\/g><g><\/g><g><\/g><g><\/g><g><\/g><g><\/g><g><\/g><g><\/g><g><\/g><g><\/g><g><\/g><g><\/g><\/svg>\t\t\t\t\t\t\t\t\t\t\t\t\t\t\t\t\t<\/span>\n\t\t\t\t\t\t\t\t\t\t\t\t\t\t\t\t\t\t\t\t\t\t<span class=\"elementor-button-text\">Submit<\/span>\n\t\t\t\t\t\t\t\t\t\t\t\t\t<\/span>\n\t\t\t\t\t<\/button>\n\t\t\t\t<\/div>\n\t\t\t<\/div>\n\t\t<\/form>\n\t\t\t\t\t\t<\/div>\n\t\t\t\t<\/section>\n\t\t\t\t<\/div>\n\t\t\t\t<\/div>\n\t\t\t\t\t\t<\/div>\n\t\t\t\t<\/div>\n\t\t\t\t<div class=\"elementor-element elementor-element-beae1e4 elementor-widget-mobile_extra__width-inherit elementor-widget elementor-widget-text-editor\" data-id=\"beae1e4\" data-element_type=\"widget\" data-e-type=\"widget\" data-widget_type=\"text-editor.default\">\n\t\t\t\t\t\t\t\t\t<p>Email: <span style=\"display:inline;unicode-bidi:bidi-override;direction:rtl;\" class=\"\">moc.liamg<span style=\"display:none;\">obfsctd-780359<\/span>&#64;ue.eulbhcaet<\/span><\/p>\n\t\t\t\t\t\t\t\t<\/div>\n\t\t\t\t<div class=\"elementor-element elementor-element-aa424f2 e-grid-align-left e-grid-align-mobile_extra-left elementor-shape-rounded elementor-grid-0 elementor-widget elementor-widget-social-icons\" data-id=\"aa424f2\" data-element_type=\"widget\" data-e-type=\"widget\" data-widget_type=\"social-icons.default\">\n\t\t\t\t\t\t\t<div class=\"elementor-social-icons-wrapper elementor-grid\" role=\"list\">\n\t\t\t\t\t\t\t<span class=\"elementor-grid-item\" role=\"listitem\">\n\t\t\t\t\t<a class=\"elementor-icon elementor-social-icon elementor-social-icon-facebook elementor-animation-grow elementor-repeater-item-48011da\" href=\"https:\/\/www.facebook.com\/profile.php?id=61558722876666\" target=\"_blank\" rel=\"noopener\">\n\t\t\t\t\t\t<span class=\"elementor-screen-only\">Facebook<\/span>\n\t\t\t\t\t\t<svg aria-hidden=\"true\" class=\"e-font-icon-svg e-fab-facebook\" viewBox=\"0 0 512 512\" xmlns=\"http:\/\/www.w3.org\/2000\/svg\"><path d=\"M504 256C504 119 393 8 256 8S8 119 8 256c0 123.78 90.69 226.38 209.25 245V327.69h-63V256h63v-54.64c0-62.15 37-96.48 93.67-96.48 27.14 0 55.52 4.84 55.52 4.84v61h-31.28c-30.8 0-40.41 19.12-40.41 38.73V256h68.78l-11 71.69h-57.78V501C413.31 482.38 504 379.78 504 256z\"><\/path><\/svg>\t\t\t\t\t<\/a>\n\t\t\t\t<\/span>\n\t\t\t\t\t\t\t<span class=\"elementor-grid-item\" role=\"listitem\">\n\t\t\t\t\t<a class=\"elementor-icon elementor-social-icon elementor-social-icon-instagram elementor-animation-grow elementor-repeater-item-56330e2\" href=\"https:\/\/www.instagram.com\/teachblueproject\" target=\"_blank\" rel=\"noopener\">\n\t\t\t\t\t\t<span class=\"elementor-screen-only\">Instagram<\/span>\n\t\t\t\t\t\t<svg aria-hidden=\"true\" class=\"e-font-icon-svg e-fab-instagram\" viewBox=\"0 0 448 512\" xmlns=\"http:\/\/www.w3.org\/2000\/svg\"><path d=\"M224.1 141c-63.6 0-114.9 51.3-114.9 114.9s51.3 114.9 114.9 114.9S339 319.5 339 255.9 287.7 141 224.1 141zm0 189.6c-41.1 0-74.7-33.5-74.7-74.7s33.5-74.7 74.7-74.7 74.7 33.5 74.7 74.7-33.6 74.7-74.7 74.7zm146.4-194.3c0 14.9-12 26.8-26.8 26.8-14.9 0-26.8-12-26.8-26.8s12-26.8 26.8-26.8 26.8 12 26.8 26.8zm76.1 27.2c-1.7-35.9-9.9-67.7-36.2-93.9-26.2-26.2-58-34.4-93.9-36.2-37-2.1-147.9-2.1-184.9 0-35.8 1.7-67.6 9.9-93.9 36.1s-34.4 58-36.2 93.9c-2.1 37-2.1 147.9 0 184.9 1.7 35.9 9.9 67.7 36.2 93.9s58 34.4 93.9 36.2c37 2.1 147.9 2.1 184.9 0 35.9-1.7 67.7-9.9 93.9-36.2 26.2-26.2 34.4-58 36.2-93.9 2.1-37 2.1-147.8 0-184.8zM398.8 388c-7.8 19.6-22.9 34.7-42.6 42.6-29.5 11.7-99.5 9-132.1 9s-102.7 2.6-132.1-9c-19.6-7.8-34.7-22.9-42.6-42.6-11.7-29.5-9-99.5-9-132.1s-2.6-102.7 9-132.1c7.8-19.6 22.9-34.7 42.6-42.6 29.5-11.7 99.5-9 132.1-9s102.7-2.6 132.1 9c19.6 7.8 34.7 22.9 42.6 42.6 11.7 29.5 9 99.5 9 132.1s2.7 102.7-9 132.1z\"><\/path><\/svg>\t\t\t\t\t<\/a>\n\t\t\t\t<\/span>\n\t\t\t\t\t<\/div>\n\t\t\t\t\t\t<\/div>\n\t\t\t\t<\/div>\n\t\t\t\t\t<\/div>\n\t\t\t\t<\/section>\n\t\t\t\t<\/div>\n\t\t","protected":false},"excerpt":{"rendered":"<p>Skontaktuj si\u0119 z nami Kod projektu: 2023-1-PL01-KA220-SCH-000152792 Skontaktuj si\u0119 z nami Chcesz dowiedzie\u0107 si\u0119 wi\u0119cej o projekcie TeachBlue? Email: Facebook Instagram<\/p>\n","protected":false},"author":3,"featured_media":0,"parent":0,"menu_order":0,"comment_status":"closed","ping_status":"closed","template":"","meta":{"footnotes":""},"class_list":["post-3042","page","type-page","status-publish","hentry"],"_links":{"self":[{"href":"https:\/\/teachblue.eu\/pl\/wp-json\/wp\/v2\/pages\/3042","targetHints":{"allow":["GET"]}}],"collection":[{"href":"https:\/\/teachblue.eu\/pl\/wp-json\/wp\/v2\/pages"}],"about":[{"href":"https:\/\/teachblue.eu\/pl\/wp-json\/wp\/v2\/types\/page"}],"author":[{"embeddable":true,"href":"https:\/\/teachblue.eu\/pl\/wp-json\/wp\/v2\/users\/3"}],"replies":[{"embeddable":true,"href":"https:\/\/teachblue.eu\/pl\/wp-json\/wp\/v2\/comments?post=3042"}],"version-history":[{"count":2,"href":"https:\/\/teachblue.eu\/pl\/wp-json\/wp\/v2\/pages\/3042\/revisions"}],"predecessor-version":[{"id":5194,"href":"https:\/\/teachblue.eu\/pl\/wp-json\/wp\/v2\/pages\/3042\/revisions\/5194"}],"wp:attachment":[{"href":"https:\/\/teachblue.eu\/pl\/wp-json\/wp\/v2\/media?parent=3042"}],"curies":[{"name":"wp","href":"https:\/\/api.w.org\/{rel}","templated":true}]}}