{"id":3022,"date":"2023-09-08T07:33:32","date_gmt":"2023-09-08T04:33:32","guid":{"rendered":"https:\/\/teachblue.eu\/partnerzy\/"},"modified":"2026-01-27T12:01:12","modified_gmt":"2026-01-27T10:01:12","slug":"partnerzy","status":"publish","type":"page","link":"https:\/\/teachblue.eu\/pl\/partnerzy\/","title":{"rendered":"Partnerzy"},"content":{"rendered":"\t\t<div data-elementor-type=\"wp-page\" data-elementor-id=\"3022\" class=\"elementor elementor-3022 elementor-28\" data-elementor-post-type=\"page\">\n\t\t\t\t<div class=\"elementor-element elementor-element-e27b75a e-flex e-con-boxed e-con e-parent\" data-id=\"e27b75a\" data-element_type=\"container\" data-e-type=\"container\" data-settings=\"{&quot;background_background&quot;:&quot;video&quot;,&quot;background_video_link&quot;:&quot;https:\\\/\\\/youtu.be\\\/aXlkza_yKTE&quot;,&quot;background_play_on_mobile&quot;:&quot;yes&quot;,&quot;shape_divider_bottom&quot;:&quot;waves&quot;,&quot;shape_divider_bottom_negative&quot;:&quot;yes&quot;}\">\n\t\t\t\t\t<div class=\"e-con-inner\">\n\t\t<div class=\"elementor-background-video-container\">\n\t\t\t\t\t\t\t<div class=\"elementor-background-video-embed\" role=\"presentation\"><\/div>\n\t\t\t\t\t\t<\/div>\t\t<div class=\"elementor-shape elementor-shape-bottom\" aria-hidden=\"true\" data-negative=\"true\">\n\t\t\t<svg xmlns=\"http:\/\/www.w3.org\/2000\/svg\" viewBox=\"0 0 1000 100\" preserveAspectRatio=\"none\">\n\t<path class=\"elementor-shape-fill\" d=\"M790.5,93.1c-59.3-5.3-116.8-18-192.6-50c-29.6-12.7-76.9-31-100.5-35.9c-23.6-4.9-52.6-7.8-75.5-5.3\n\tc-10.2,1.1-22.6,1.4-50.1,7.4c-27.2,6.3-58.2,16.6-79.4,24.7c-41.3,15.9-94.9,21.9-134,22.6C72,58.2,0,25.8,0,25.8V100h1000V65.3\n\tc0,0-51.5,19.4-106.2,25.7C839.5,97,814.1,95.2,790.5,93.1z\"\/>\n<\/svg>\t\t<\/div>\n\t\t\t\t<div class=\"elementor-element elementor-element-b10a4ce elementor-widget-mobile__width-inherit vas-text-float elementor-view-default elementor-position-block-start elementor-mobile-position-block-start elementor-widget elementor-widget-icon-box\" data-id=\"b10a4ce\" data-element_type=\"widget\" data-e-type=\"widget\" data-widget_type=\"icon-box.default\">\n\t\t\t\t\t\t\t<div class=\"elementor-icon-box-wrapper\">\n\n\t\t\t\t\t\t<div class=\"elementor-icon-box-icon\">\n\t\t\t\t<span  class=\"elementor-icon\">\n\t\t\t\t<svg xmlns=\"http:\/\/www.w3.org\/2000\/svg\" xmlns:xlink=\"http:\/\/www.w3.org\/1999\/xlink\" id=\"Capa_1\" x=\"0px\" y=\"0px\" viewBox=\"0 0 512 512\" style=\"enable-background:new 0 0 512 512;\" xml:space=\"preserve\"><path style=\"fill:#FBBF00;\" d=\"M291.484,113.248c-11.393-32.253-46.776-49.164-79.029-37.771l-61.683,21.789l25.245,71.466 l119.719-43.45L291.484,113.248z\"><\/path><g>\t<path style=\"fill:#FFA900;\" d=\"M176.017,343.267l-25.245,71.466l61.683,21.789c32.253,11.393,67.636-5.517,79.029-37.77  l4.251-12.035L176.017,343.267z\"><\/path>\t<path style=\"fill:#FFA900;\" d=\"M328.793,119.756c-99.049,0-217.351,78.811-249.175,119.559v33.368  c31.823,40.749,150.125,119.559,249.175,119.559C444.378,392.243,512,256,512,256S444.378,119.756,328.793,119.756z\"><\/path><\/g><path style=\"fill:#FF8800;\" d=\"M79.618,256v16.684c31.823,40.749,150.125,119.559,249.175,119.559C444.378,392.243,512,256,512,256 H79.618z\"><\/path><path style=\"fill:#FBBF00;\" d=\"M512,256c0,0-47.006-94.673-129.609-126.174c-25.911,34.944-41.323,78.691-41.323,126.173 s15.411,91.229,41.323,126.174C464.994,350.673,512,256,512,256z\"><\/path><path style=\"fill:#FFA900;\" d=\"M512,256H341.068c0,47.482,15.411,91.229,41.323,126.174C464.994,350.673,512,256,512,256z\"><\/path><circle style=\"fill:#333333;\" cx=\"416.24\" cy=\"221.63\" r=\"15\"><\/circle><path style=\"fill:#FF8800;\" d=\"M33.53,256h-7.088C11.838,256,0,244.162,0,229.558v-62.027h7.994 c41.131,0,74.474,33.343,74.474,74.474v27.989c0,41.131-33.343,74.474-74.474,74.474H0v-62.027C0,267.838,11.838,256,26.442,256\"><\/path><path style=\"fill:#E47700;\" d=\"M33.53,256h-7.088c-14.603,0,56.027,0,56.027,0v13.995c0,41.131-33.343,74.474-74.474,74.474H0 v-62.027C0,267.838,11.838,256,26.442,256\"><\/path><g><\/g><g><\/g><g><\/g><g><\/g><g><\/g><g><\/g><g><\/g><g><\/g><g><\/g><g><\/g><g><\/g><g><\/g><g><\/g><g><\/g><g><\/g><\/svg>\t\t\t\t<\/span>\n\t\t\t<\/div>\n\t\t\t\n\t\t\t\t\t\t<div class=\"elementor-icon-box-content\">\n\n\t\t\t\t\t\t\t\t\t<h1 class=\"elementor-icon-box-title\">\n\t\t\t\t\t\t<span  >\n\t\t\t\t\t\t\tPartnerzy\t\t\t\t\t\t<\/span>\n\t\t\t\t\t<\/h1>\n\t\t\t\t\n\t\t\t\t\t\t\t\t\t<p class=\"elementor-icon-box-description\">\n\t\t\t\t\t\tKod projektu: 2023-1-PL01-KA220-SCH-000152792\t\t\t\t\t<\/p>\n\t\t\t\t\n\t\t\t<\/div>\n\t\t\t\n\t\t<\/div>\n\t\t\t\t\t\t<\/div>\n\t\t\t\t\t<\/div>\n\t\t\t\t<\/div>\n\t\t<section class=\"elementor-element elementor-element-a53a89e e-flex e-con-boxed e-con e-parent\" data-id=\"a53a89e\" data-element_type=\"container\" data-e-type=\"container\">\n\t\t\t\t\t<div class=\"e-con-inner\">\n\t\t\t\t<div class=\"elementor-element elementor-element-c0e0775 elementor-widget__width-initial elementor-widget elementor-widget-video\" data-id=\"c0e0775\" data-element_type=\"widget\" data-e-type=\"widget\" data-settings=\"{&quot;youtube_url&quot;:&quot;https:\\\/\\\/youtu.be\\\/aXlkza_yKTE&quot;,&quot;autoplay&quot;:&quot;yes&quot;,&quot;mute&quot;:&quot;yes&quot;,&quot;loop&quot;:&quot;yes&quot;,&quot;start&quot;:&quot;10&quot;,&quot;play_on_mobile&quot;:&quot;yes&quot;,&quot;video_type&quot;:&quot;youtube&quot;}\" data-widget_type=\"video.default\">\n\t\t\t\t\t\t\t<div class=\"elementor-wrapper elementor-open-inline\">\n\t\t\t<div class=\"elementor-video\"><\/div>\t\t<\/div>\n\t\t\t\t\t\t<\/div>\n\t\t\t\t\t<\/div>\n\t\t\t\t<\/section>\n\t\t<section class=\"elementor-element elementor-element-ef90a2d e-flex e-con-boxed e-con e-parent\" data-id=\"ef90a2d\" data-element_type=\"container\" data-e-type=\"container\" data-settings=\"{&quot;background_background&quot;:&quot;classic&quot;}\">\n\t\t\t\t\t<div class=\"e-con-inner\">\n\t\t\t\t<div class=\"elementor-element elementor-element-b1f2ac4 elementor-widget__width-initial elementor-position-top elementor-widget elementor-widget-image-box\" data-id=\"b1f2ac4\" data-element_type=\"widget\" data-e-type=\"widget\" data-widget_type=\"image-box.default\">\n\t\t\t\t\t<div class=\"elementor-image-box-wrapper\"><figure class=\"elementor-image-box-img\"><a href=\"https:\/\/upwr.edu.pl\/en\" target=\"_blank\" tabindex=\"-1\" rel=\"noopener\"><img decoding=\"async\" width=\"400\" height=\"124\" src=\"https:\/\/teachblue.eu\/wp-content\/uploads\/UNIWERSYTET-PRZYRODNICZY-WE-WROCLAWIU-partners-page.webp\" class=\"attachment-full size-full wp-image-3024\" alt=\"\" loading=\"eager\" title=\"\"><\/a><\/figure><div class=\"elementor-image-box-content\"><h3 class=\"elementor-image-box-title\"><a href=\"https:\/\/upwr.edu.pl\/en\" target=\"_blank\" rel=\"noopener\">UNIWERSYTET PRZYRODNICZY WE WROC\u0141AWIU <br>Polska<\/a><\/h3><p class=\"elementor-image-box-description\">Uniwersytet Przyrodniczy we Wroc\u0142awiu jest jedn\u0105 z najlepszych specjalistycznych uczelni wy\u017cszych w Polsce. Zapewnia dost\u0119p do edukacji oraz prowadzi badania w dziedzinach zwi\u0105zanych z naukami przyrodniczymi i technologi\u0105, takich jak rolnictwo, biologia, weterynaria, in\u017cynieria \u015brodowiska i nauki o \u017cywno\u015bci. <br><br>B\u0119d\u0105c jedyn\u0105 tak\u0105 uczelni\u0105 w po\u0142udniowo-zachodniej Polsce, UPWr sta\u0142 si\u0119 wa\u017cnym uczestnikiem regionalnego \u015bwiata nauki i akademii. \u015awiadomi wyzwa\u0144, oczekiwa\u0144 i nadziei zwi\u0105zanych z osi\u0105gni\u0119ciami nauki, zmianami w procesie nauczania oraz otaczaj\u0105cym nas \u015bwiatem, chcemy rozwija\u0107 Uniwersytet Przyrodniczy we Wroc\u0142awiu w podstawowym tr\u00f3jk\u0105cie wiedzy: edukacja \u2013 badania \u2013 wsp\u00f3\u0142praca ze spo\u0142ecze\u0144stwem.<\/p><\/div><\/div>\t\t\t\t<\/div>\n\t\t\t\t<div class=\"elementor-element elementor-element-2320efd elementor-widget__width-initial elementor-position-top elementor-widget elementor-widget-image-box\" data-id=\"2320efd\" data-element_type=\"widget\" data-e-type=\"widget\" data-widget_type=\"image-box.default\">\n\t\t\t\t\t<div class=\"elementor-image-box-wrapper\"><figure class=\"elementor-image-box-img\"><a href=\"https:\/\/standoutedu.com\/\" target=\"_blank\" tabindex=\"-1\" rel=\"noopener\"><img decoding=\"async\" width=\"400\" height=\"124\" src=\"https:\/\/teachblue.eu\/wp-content\/uploads\/standoutedu-partners-page.webp\" class=\"attachment-full size-full wp-image-3028\" alt=\"standoutedu\" loading=\"eager\" title=\"\"><\/a><\/figure><div class=\"elementor-image-box-content\"><h3 class=\"elementor-image-box-title\"><a href=\"https:\/\/standoutedu.com\/\" target=\"_blank\" rel=\"noopener\">STANDO<br>Cypr<\/a><\/h3><p class=\"elementor-image-box-description\">STANDO LTD (STANDOutEdu) to organizacja badawcza i edukacyjna z siedzib\u0105 na Cyprze, po\u015bwi\u0119cona rozwojowi bada\u0144 i innowacji oraz zatwierdzone Centrum Kszta\u0142cenia Zawodowego akredytowane przez Cypryjsk\u0105 Agencj\u0119 Rozwoju Zasob\u00f3w Ludzkich. <br><br>Organizacja promuje r\u00f3wnie\u017c dzia\u0142ania edukacyjne, rozw\u00f3j umiej\u0119tno\u015bci zawodowych i spo\u0142ecznych dzieci, m\u0142odzie\u017cy oraz doros\u0142ych, aby mogli oni skutecznie adaptowa\u0107 si\u0119 i integrowa\u0107 w dynamicznym spo\u0142ecze\u0144stwie.<\/p><\/div><\/div>\t\t\t\t<\/div>\n\t\t\t\t<div class=\"elementor-element elementor-element-00004b2 elementor-widget__width-initial elementor-position-top elementor-widget elementor-widget-image-box\" data-id=\"00004b2\" data-element_type=\"widget\" data-e-type=\"widget\" data-widget_type=\"image-box.default\">\n\t\t\t\t\t<div class=\"elementor-image-box-wrapper\"><figure class=\"elementor-image-box-img\"><img decoding=\"async\" width=\"400\" height=\"124\" src=\"https:\/\/teachblue.eu\/wp-content\/uploads\/democritus-university-of-thrace-partners-page.webp\" class=\"attachment-full size-full wp-image-3029\" alt=\"\" loading=\"eager\" title=\"\"><\/figure><div class=\"elementor-image-box-content\"><h3 class=\"elementor-image-box-title\">DIMOKRITIO PANEPISTIMIO THRAKIS<br>Grecja<\/h3><p class=\"elementor-image-box-description\">Wkr\u00f3tce dost\u0119pne<\/p><\/div><\/div>\t\t\t\t<\/div>\n\t\t\t\t<div class=\"elementor-element elementor-element-96e97e7 elementor-widget__width-initial elementor-position-top elementor-widget elementor-widget-image-box\" data-id=\"96e97e7\" data-element_type=\"widget\" data-e-type=\"widget\" data-widget_type=\"image-box.default\">\n\t\t\t\t\t<div class=\"elementor-image-box-wrapper\"><figure class=\"elementor-image-box-img\"><a href=\"http:\/\/www.cmmi.blue\" target=\"_blank\" tabindex=\"-1\" rel=\"noopener\"><img decoding=\"async\" width=\"400\" height=\"124\" src=\"https:\/\/teachblue.eu\/wp-content\/uploads\/CMMI-CYPRUS-MARINE-AND-MARITIME-INSTITUTE-partners-page.webp\" class=\"attachment-full size-full wp-image-3026\" alt=\"CMMI-CYPRUS-INSTYTUT-MORSKI-I-MARYNISTYCZNY\" loading=\"eager\" title=\"\"><\/a><\/figure><div class=\"elementor-image-box-content\"><h3 class=\"elementor-image-box-title\"><a href=\"http:\/\/www.cmmi.blue\" target=\"_blank\" rel=\"noopener\">CMMI CYPRUSKI INSTYTUT MORSKI I \u017bEGLUGI<br>Cypr<\/a><\/h3><p class=\"elementor-image-box-description\">Cypryjski Instytut Bada\u0144 Morskich i Morskich (CMMI) zosta\u0142 za\u0142o\u017cony w kwietniu 2019 roku jako Centrum Doskona\u0142o\u015bci w zakresie bada\u0144 morskich i morskich, innowacji oraz rozwoju technologii. Siedziba instytutu znajduje si\u0119 w mie\u015bcie Larnaka na Cyprze, wyspie po\u0142o\u017conej na skrzy\u017cowaniu trzech kontynent\u00f3w i g\u0142\u00f3wnych szlak\u00f3w morskich, mog\u0105cej poszczyci\u0107 si\u0119 bogat\u0105 tradycj\u0105 morsk\u0105 oraz godn\u0105 uznania bran\u017c\u0105 morsk\u0105. <br><br>CMMI otrzyma\u0142 dofinansowanie z Unii Europejskiej w ramach projektu Horizon 2020 Teaming MaRITeC-X oraz \u015brodki uzupe\u0142niaj\u0105ce od rz\u0105du Cypru. Wizj\u0105 CMMI jest nap\u0119dzanie zr\u00f3wnowa\u017conego Niebieskiego Wzrostu poprzez odpowiadanie na potrzeby przemys\u0142u i spo\u0142ecze\u0144stwa w szerokim zakresie sektor\u00f3w morskich i morskich. Instytut posiada dziesi\u0119\u0107 Centr\u00f3w Badawczo-Innowacyjnych, kt\u00f3re zajmuj\u0105 si\u0119 m.in. obserwacj\u0105 m\u00f3rz, robotyk\u0105 morsk\u0105, cyfryzacj\u0105 \u017ceglugi, in\u017cynieri\u0105 morsk\u0105, ekosystemami morskimi i przybrze\u017cnymi, czynnikiem ludzkim w \u017cegludze, dziedzictwem kulturowym morza, politykami morskimi i wsp\u00f3\u0142prac\u0105 regionaln\u0105 oraz technologiami podwodnymi i dna morskiego. <br><br>Od momentu powstania CMMI uczestniczy w projektach, kt\u00f3re tworz\u0105 rozwi\u0105zania problem\u00f3w istotnych zar\u00f3wno dla przemys\u0142u, jak i spo\u0142ecze\u0144stwa, takich jak ochrona bior\u00f3\u017cnorodno\u015bci morskiej, dekarbonizacja, promowanie cyfryzacji oraz przeciwdzia\u0142anie zmianom klimatu. Obecnie CMMI zatrudnia ponad 50 pracownik\u00f3w.<\/p><\/div><\/div>\t\t\t\t<\/div>\n\t\t\t\t<div class=\"elementor-element elementor-element-a848d51 elementor-widget__width-initial elementor-position-top elementor-widget elementor-widget-image-box\" data-id=\"a848d51\" data-element_type=\"widget\" data-e-type=\"widget\" data-widget_type=\"image-box.default\">\n\t\t\t\t\t<div class=\"elementor-image-box-wrapper\"><figure class=\"elementor-image-box-img\"><a href=\"https:\/\/ccmar.ualg.pt\/nossa-estrategia\" target=\"_blank\" tabindex=\"-1\" rel=\"noopener\"><img decoding=\"async\" width=\"400\" height=\"124\" src=\"https:\/\/teachblue.eu\/wp-content\/uploads\/CENTRO-DE-CIENCIAS-DO-MAR-DO-ALGARVE-Portugal-partners-page.webp\" class=\"attachment-full size-full wp-image-3030\" alt=\"CENTRO-DE-CIENCIAS-DO-MAR-DO-ALGARVE-Portugalia\" loading=\"eager\" title=\"\"><\/a><\/figure><div class=\"elementor-image-box-content\"><h3 class=\"elementor-image-box-title\"><a href=\"https:\/\/ccmar.ualg.pt\/nossa-estrategia\" target=\"_blank\" rel=\"noopener\">CENTRUM NAUK O MORZU ALGARVE<br>Portugalia<\/a><\/h3><p class=\"elementor-image-box-description\">Algarve Marine Science Centre, znane r\u00f3wnie\u017c pod akronimem CCMAR, jest jednym z wiod\u0105cych o\u015brodk\u00f3w bada\u0144 naukowych nad morzem w Portugalii i jest szeroko uznawane za doskona\u0142o\u015b\u0107 swoich bada\u0144 na poziomie europejskim. Jego potencja\u0142 opiera si\u0119 na multidyscyplinarnym zespole obejmuj\u0105cym biologi\u0119 morza, ekologi\u0119, oceanografi\u0119, nauki o \u015brodowisku, biotechnologi\u0119, rybo\u0142\u00f3wstwo i akwakultur\u0119. Zlokalizowane na po\u0142udniu Portugalii, CCMAR jest niezale\u017cn\u0105, non-profitow\u0105 organizacj\u0105 badawcz\u0105, b\u0119d\u0105c\u0105 cz\u0119\u015bci\u0105 systemu Uniwersytetu Algarve, posiadaj\u0105c\u0105 status u\u017cyteczno\u015bci publicznej. <br><br>Jeste\u015bmy instytucj\u0105, kt\u00f3ra wyznacza kierunki bada\u0144 oceanicznych, rozwijaj\u0105c nauk\u0119 i technologi\u0119, aby odpowiada\u0107 na najwi\u0119ksze wyzwania stoj\u0105ce przed spo\u0142ecze\u0144stwem. Ocean to nasza przysz\u0142o\u015b\u0107. Ocean pokrywa 70% naszej planety, jest domem dla ogromnej r\u00f3\u017cnorodno\u015bci \u017cycia i ekosystem\u00f3w oraz odgrywa kluczow\u0105 rol\u0119 w regulacji klimatu i globalnego cyklu w\u0119glowego. Chocia\u017c ocean jest niezb\u0119dny dla \u017cycia na Ziemi, wci\u0105\u017c nie wiemy dok\u0142adnie, jak funkcjonuje ani jak reaguje na zmiany i zagro\u017cenia. Je\u015bli ocean jest naszym celem, nauka jest nasz\u0105 podstaw\u0105. <br><br>Dzi\u0119ki multidyscyplinarnej strategii i realizacji polityki Otwartej Nauki, nasza dzia\u0142alno\u015b\u0107 naukowa przyczynia si\u0119 do rozwoju spo\u0142ecze\u0144stwa, edukacji, wsp\u00f3\u0142pracy i przemys\u0142u, koncentruj\u0105c si\u0119 na trzech kluczowych filarach: Poznawaniu, Ochronie i Eksploracji Oceanu. Niekt\u00f3re z naszych wska\u017anik\u00f3w: 335 cz\u0142onk\u00f3w (60% kobiet i 40% m\u0119\u017cczyzn); 18 grup badawczych; 337 artyku\u0142\u00f3w naukowych; 88 projekt\u00f3w naukowych; 19 projekt\u00f3w Unii Europejskiej; 161 naukowc\u00f3w; 89 doktorant\u00f3w; 5400 uczni\u00f3w zaanga\u017cowanych w dzia\u0142ania szkolne; 2559 obserwuj\u0105cych na Instagramie, 10799 na Facebooku i 16301 na LinkedIn; 4 sp\u00f3\u0142ki spin-off i 4 kursy zaawansowane.<\/p><\/div><\/div>\t\t\t\t<\/div>\n\t\t\t\t<div class=\"elementor-element elementor-element-17f7c85 elementor-widget__width-initial elementor-position-top elementor-widget elementor-widget-image-box\" data-id=\"17f7c85\" data-element_type=\"widget\" data-e-type=\"widget\" data-widget_type=\"image-box.default\">\n\t\t\t\t\t<div class=\"elementor-image-box-wrapper\"><figure class=\"elementor-image-box-img\"><a href=\"https:\/\/erasmus.draconrds.com\/\" target=\"_blank\" tabindex=\"-1\" rel=\"noopener\"><img decoding=\"async\" width=\"400\" height=\"124\" src=\"https:\/\/teachblue.eu\/wp-content\/uploads\/Dracon-Rules-Design-Studio-Greece-Karditsa-partners-page.webp\" class=\"attachment-full size-full wp-image-3027\" alt=\"Dracon-Rules-Design-Studio-Grecja-Karditsa\" loading=\"eager\" title=\"\"><\/a><\/figure><div class=\"elementor-image-box-content\"><h3 class=\"elementor-image-box-title\"><a href=\"https:\/\/erasmus.draconrds.com\/\" target=\"_blank\" rel=\"noopener\">DRAGON RULES DESIGN STUDIO<br>Grecja<\/a><\/h3><p class=\"elementor-image-box-description\">Dracon Rules Design Studio to organizacja non-profit i pozarz\u0105dowa, kt\u00f3rej celem jest promowanie gier planszowych oraz ich korzy\u015bci jako narz\u0119dzi w sektorze edukacji, jak r\u00f3wnie\u017c w spo\u0142ecze\u0144stwie. Naszym g\u0142\u00f3wnym celem jest podejmowanie dzia\u0142a\u0144, kt\u00f3re przyczyni\u0105 si\u0119 do tworzenia, kszta\u0142towania, ulepszania, rozwoju, analizy, krytyki i rozpowszechniania gier jako innowacyjnego narz\u0119dzia edukacyjnego i spo\u0142ecznego, s\u0142u\u017c\u0105cego transformacji edukacji oraz kszta\u0142towaniu nowego typu relacji spo\u0142ecznych opartych na r\u00f3wno\u015bci i wsp\u00f3lnym wysi\u0142ku, a tak\u017ce pozytywnych korzy\u015bci p\u0142yn\u0105cych z gier we wszystkich ich formach. <br>\nNasi cz\u0142onkowie organizowali lub uczestniczyli i nadal organizuj\u0105 oraz uczestnicz\u0105 w r\u00f3\u017cnych wydarzeniach na przestrzeni lat, w tym w akcjach charytatywnych dla os\u00f3b potrzebuj\u0105cych (naj\u015bwie\u017cszy przyk\u0142ad: huragan Janus, Karditsa), wydarzeniach miejskich i szkolnych, a tak\u017ce prowadz\u0105 aktywny m\u0142odzie\u017cowy klub gier planszowych w siedzibie organizacji. <br><br>Jako organizacja dzia\u0142amy w obszarach edukacji i projektowania gier planszowych, wsp\u00f3\u0142pracuj\u0105c z instytucjami publicznymi i prywatnymi organizacjami w celu realizacji naszego g\u0142\u00f3wnego celu. D\u0105\u017cymy do uczestnictwa w konsorcjach wymagaj\u0105cych unikalnych umiej\u0119tno\u015bci niezb\u0119dnych do integracji gier z edukacj\u0105 jako narz\u0119dziem, a tak\u017ce w innych kluczowych obszarach (w\u0142\u0105czenie, r\u00f3wno\u015b\u0107, podnoszenie kwalifikacji itp.).<\/p><\/div><\/div>\t\t\t\t<\/div>\n\t\t\t\t\t<\/div>\n\t\t\t\t<\/section>\n\t\t\t\t<\/div>\n\t\t","protected":false},"excerpt":{"rendered":"<p>Partnerzy Kod projektu: 2023-1-PL01-KA220-SCH-000152792 https:\/\/youtu.be\/aXlkza_yKTE UNIWERSYTET PRZYRODNICZY WE WROC\u0141AWIU Polska Uniwersytet Przyrodniczy we Wroc\u0142awiu jest jedn\u0105 z najlepszych specjalistycznych uczelni wy\u017cszych w Polsce. Zapewnia dost\u0119p do edukacji oraz prowadzi badania w dziedzinach zwi\u0105zanych z naukami przyrodniczymi i technologi\u0105, takich jak rolnictwo, biologia, weterynaria, in\u017cynieria \u015brodowiska i nauki o \u017cywno\u015bci. B\u0119d\u0105c jedyn\u0105 tak\u0105 uczelni\u0105 w po\u0142udniowo-zachodniej [&hellip;]<\/p>\n","protected":false},"author":1,"featured_media":0,"parent":0,"menu_order":0,"comment_status":"closed","ping_status":"closed","template":"","meta":{"footnotes":""},"class_list":["post-3022","page","type-page","status-publish","hentry"],"_links":{"self":[{"href":"https:\/\/teachblue.eu\/pl\/wp-json\/wp\/v2\/pages\/3022","targetHints":{"allow":["GET"]}}],"collection":[{"href":"https:\/\/teachblue.eu\/pl\/wp-json\/wp\/v2\/pages"}],"about":[{"href":"https:\/\/teachblue.eu\/pl\/wp-json\/wp\/v2\/types\/page"}],"author":[{"embeddable":true,"href":"https:\/\/teachblue.eu\/pl\/wp-json\/wp\/v2\/users\/1"}],"replies":[{"embeddable":true,"href":"https:\/\/teachblue.eu\/pl\/wp-json\/wp\/v2\/comments?post=3022"}],"version-history":[{"count":3,"href":"https:\/\/teachblue.eu\/pl\/wp-json\/wp\/v2\/pages\/3022\/revisions"}],"predecessor-version":[{"id":5249,"href":"https:\/\/teachblue.eu\/pl\/wp-json\/wp\/v2\/pages\/3022\/revisions\/5249"}],"wp:attachment":[{"href":"https:\/\/teachblue.eu\/pl\/wp-json\/wp\/v2\/media?parent=3022"}],"curies":[{"name":"wp","href":"https:\/\/api.w.org\/{rel}","templated":true}]}}